{"id":296,"date":"2025-03-27T09:06:12","date_gmt":"2025-03-27T11:06:12","guid":{"rendered":"http:\/\/haushalthilfe24.local\/?page_id=296"},"modified":"2025-07-05T08:52:54","modified_gmt":"2025-07-05T10:52:54","slug":"ueber-uns","status":"publish","type":"page","link":"https:\/\/haushaltshelfer-24.de\/?page_id=296","title":{"rendered":"\u00fcber uns"},"content":{"rendered":"\t\t<div data-elementor-type=\"wp-page\" data-elementor-id=\"296\" class=\"elementor elementor-296\">\n\t\t\t\t<div class=\"elementor-element elementor-element-b013f12 e-flex e-con-boxed e-con e-parent\" data-id=\"b013f12\" data-element_type=\"container\" data-e-type=\"container\">\n\t\t\t\t\t<div class=\"e-con-inner\">\n\t\t\t\t<div class=\"elementor-element elementor-element-ee0de44 elementor-widget elementor-widget-text-editor\" data-id=\"ee0de44\" data-element_type=\"widget\" data-e-type=\"widget\" data-widget_type=\"text-editor.default\">\n\t\t\t\t<div class=\"elementor-widget-container\">\n\t\t\t\t\t\t\t\t\t<div class=\"moz-text-html\" lang=\"x-unicode\"><div dir=\"auto\"><div dir=\"ltr\"><h2 class=\"western\" lang=\"de-DE\">Projekt \u201eHaushatshelfer-24\u201c<\/h2><h1 class=\"western\">\u00a0<\/h1><h4 class=\"western\"><span lang=\"de-DE\">Einf\u00fchrung<\/span><\/h4><p>Der gemeinn\u00fctzige Verein RDK e.V. wurde 1994 mit dem Ziel gegr\u00fcndet, russischsprachige Einwanderer aus der ehemaligen Sowjetunion bei ihrer Integration in Deutschland zu unterst\u00fctzen. Von Anfang an stand dabei der Zugang zu Bildung und kultureller Teilhabe im Mittelpunkt der Vereinsarbeit. Mit niedrigschwelligen Angeboten wie Deutsch- und Computerkursen f\u00fcr Erwachsene sowie einer Musikschule f\u00fcr Kinder hat RDK e.V. seit vielen Jahren erfolgreich zur gesellschaftlichen Teilhabe von Migrantinnen und Migranten beigetragen. Seit 2004 ist der Verein zudem in Grundschulen des Saarlands und von Rheinland-Pfalz aktiv und hat innovative Konzepte zur fr\u00fchkindlichen Computerausbildung entwickelt \u2013 bereits f\u00fcr Kinder ab f\u00fcnf Jahren.<\/p><p>Mit dem Beginn des Krieges in der Ukraine im Jahr 2022 hat sich der Fokus des Vereins erweitert. Angesichts der gro\u00dfen Zahl gefl\u00fcchteter Menschen aus der Ukraine engagiert sich RDK e.V. nun verst\u00e4rkt in der humanit\u00e4ren Hilfe und Integrationsarbeit f\u00fcr Kriegsfl\u00fcchtlinge. In enger Zusammenarbeit mit der Gemeinde Freisen im Saarland unterst\u00fctzen wir Gefl\u00fcchtete ganz konkret im Alltag: bei Beh\u00f6rdeng\u00e4ngen, Arztbesuchen, der Wohnungssuche, der Arbeitssuche und der Antragsstellung. Durch diese praktische Hilfe m\u00f6chten wir ihnen einen selbstbestimmten Neuanfang in Deutschland erm\u00f6glichen.<\/p><p>Ein zentrales Anliegen unseres Projekts ist die F\u00f6rderung der interkulturellen Verst\u00e4ndigung. Wir schaffen R\u00e4ume f\u00fcr Begegnung, Dialog und gegenseitiges Verst\u00e4ndnis zwischen Menschen unterschiedlicher Herkunft, Religion und Kultur. Besonderes Augenmerk legen wir auf den Br\u00fcckenbau zwischen verschiedenen Glaubensgemeinschaften \u2013 insbesondere zwischen der deutschen katholischen und der ukrainisch-orthodoxen Kirche.<\/p><p>Dar\u00fcber hinaus bieten wir seelsorgerische Begleitung f\u00fcr Menschen an, die durch Krieg, Flucht und Heimatverlust traumatisiert wurden. Unsere Arbeit ist getragen von Respekt, Mitgef\u00fchl, Hoffnung und dem festen Glauben an eine gemeinsame, friedliche Zukunft. Mit diesem Projekt wollen wir einen aktiven Beitrag zu Integration, gesellschaftlichem Zusammenhalt und gelebter Solidarit\u00e4t leisten.<\/p><h4><span lang=\"de-DE\">P<\/span>rojekt \u201eHaushaltshilfe\u201c \u2013 Zielsetzung und Umsetzung<\/h4><p>Das Projekt \u201eHaushaltshilfe\u201c richtet sich an gefl\u00fcchtete ukrainische Frauen, die h\u00e4ufig allein mit ihren Kindern nach Deutschland gekommen sind und vor besonderen Herausforderungen bei der Integration in den Arbeitsmarkt stehen. Ziel des Projekts ist es, diesen Frauen den Einstieg in eine berufliche T\u00e4tigkeit im Bereich der h\u00e4uslichen Seniorenbetreuung zu erm\u00f6glichen \u2013 einem wachsenden und gesellschaftlich bedeutenden Sektor, der im Zuge des demografischen Wandels zunehmend an Relevanz gewinnt.<\/p><p>Durch gezielte Qualifizierungsangebote verfolgt das Projekt mehrere zentrale Ziele:<\/p><p><em>Schaffung konkreter Besch\u00e4ftigungsm\u00f6glichkeiten im Bereich Haushalt und Seniorenhilfe,<\/em><\/p><p><em>F\u00f6rderung der sprachlichen und sozialen Integration,<\/em><\/p><p><em>St\u00e4rkung der wirtschaftlichen Selbstst\u00e4ndigkeit der Teilnehmerinnen,<\/em><\/p><p><em>sowie die Schaffung langfristiger Perspektiven, insbesondere im Hinblick auf einen unbefristeten Aufenthaltstitel in Deutschland.<\/em><\/p><p>Zur Umsetzung des Projekts hat der Verein RDK e.V. die Online-Plattform <strong><a href=\"http:\/\/www.haushaltshelfer-24.de\/\" target=\"_new\">www.haushaltshelfer-24.de<\/a><\/strong> ins Leben gerufen. Dort wird ein speziell entwickelter Deutsch-Konversationskurs angeboten, der auf die sprachlichen Anforderungen im Alltag und Berufsleben abgestimmt ist. Erg\u00e4nzend dazu vermitteln wir den Teilnehmerinnen grundlegende digitale Kompetenzen, um sie in die Lage zu versetzen, gezielt nach aktuellen Informationen zu Aufenthaltsrecht, Einb\u00fcrgerung, Wohnungssuche, Arbeitsm\u00f6glichkeiten und weiteren lebenspraktischen Themen zu suchen und diese sicher zu nutzen.<\/p><p>Mit diesem niederschwelligen, praxisnahen und integrativen Ansatz tr\u00e4gt das Projekt zur beruflichen Eingliederung, gesellschaftlichen Teilhabe und pers\u00f6nlichen St\u00e4rkung gefl\u00fcchteter Frauen bei \u2013 und leistet zugleich einen wertvollen Beitrag zur sozialen Unterst\u00fctzung \u00e4lterer Menschen in Deutschland.<\/p><h4 class=\"western\">Projektma\u00dfnahmen<\/h4><p>&#8211; Einrichtung eines Zweckbetriebs &#8222;Haushaltshilfe&#8220; zur organisatorischen Unterst\u00fctzung der Teilnehmerinnen<br \/>&#8211; Individuelle Beratung und Begleitung bei der Arbeitsaufnahme<br \/>&#8211; Kooperation mit vertrauensw\u00fcrdigen Vermittlungsagenturen<br \/>&#8211; Sprachf\u00f6rderung parallel zur Besch\u00e4ftigung<br \/>&#8211; Vermittlung von Grundkenntnissen im Bereich Pflege, Betreuung und Haushaltsf\u00fchrung<br \/>&#8211; Nachbetreuung und psychosoziale Stabilisierung<\/p><h4 class=\"western\">Zielgruppe<\/h4><p>Die direkte Zielgruppe des Projekts sind ukrainische Frauen im erwerbsf\u00e4higen Alter, die sich in Deutschland aufhalten und aktuell schwer vermittelbar sind. Indirekt profitieren auch betreuungsbed\u00fcrftige Seniorinnen und Senioren sowie deren Angeh\u00f6rige von diesem Angebot.<\/p><h4 class=\"western\">Erwartete Ergebnisse<\/h4><p>&#8211; Vermittlung von mindestens 30 Frauen in sozialversicherungspflichtige Vollzeitbesch\u00e4ftigung innerhalb von 12 Monaten<br \/>&#8211; Verbesserung der Sprachkenntnisse und Besch\u00e4ftigungsf\u00e4higkeit<br \/>&#8211; Reduzierung der Abh\u00e4ngigkeit von staatlichen Transferleistungen<\/p><h2 class=\"western\">\u00a0<\/h2><\/div><\/div><\/div>\t\t\t\t\t\t\t\t<\/div>\n\t\t\t\t<\/div>\n\t\t\t\t\t<\/div>\n\t\t\t\t<\/div>\n\t\t<div class=\"elementor-element elementor-element-0067492 e-flex e-con-boxed e-con e-parent\" data-id=\"0067492\" data-element_type=\"container\" data-e-type=\"container\">\n\t\t\t\t\t<div class=\"e-con-inner\">\n\t\t\t\t<div class=\"elementor-element elementor-element-2f07adc elementor-widget-divider--view-line elementor-widget elementor-widget-divider\" data-id=\"2f07adc\" data-element_type=\"widget\" data-e-type=\"widget\" data-widget_type=\"divider.default\">\n\t\t\t\t<div class=\"elementor-widget-container\">\n\t\t\t\t\t\t\t<div class=\"elementor-divider\">\n\t\t\t<span class=\"elementor-divider-separator\">\n\t\t\t\t\t\t<\/span>\n\t\t<\/div>\n\t\t\t\t\t\t<\/div>\n\t\t\t\t<\/div>\n\t\t\t\t<div class=\"elementor-element elementor-element-67a5a00 elementor-widget-divider--view-line elementor-widget elementor-widget-divider\" data-id=\"67a5a00\" data-element_type=\"widget\" data-e-type=\"widget\" data-widget_type=\"divider.default\">\n\t\t\t\t<div class=\"elementor-widget-container\">\n\t\t\t\t\t\t\t<div class=\"elementor-divider\">\n\t\t\t<span class=\"elementor-divider-separator\">\n\t\t\t\t\t\t<\/span>\n\t\t<\/div>\n\t\t\t\t\t\t<\/div>\n\t\t\t\t<\/div>\n\t\t\t\t\t<\/div>\n\t\t\t\t<\/div>\n\t\t<div class=\"elementor-element elementor-element-057cd51 e-flex e-con-boxed e-con e-parent\" data-id=\"057cd51\" data-element_type=\"container\" data-e-type=\"container\">\n\t\t\t\t\t<div class=\"e-con-inner\">\n\t\t\t\t<div class=\"elementor-element elementor-element-46a30fc elementor-widget-divider--view-line elementor-widget elementor-widget-divider\" data-id=\"46a30fc\" data-element_type=\"widget\" data-e-type=\"widget\" data-widget_type=\"divider.default\">\n\t\t\t\t<div class=\"elementor-widget-container\">\n\t\t\t\t\t\t\t<div class=\"elementor-divider\">\n\t\t\t<span class=\"elementor-divider-separator\">\n\t\t\t\t\t\t<\/span>\n\t\t<\/div>\n\t\t\t\t\t\t<\/div>\n\t\t\t\t<\/div>\n\t\t\t\t\t<\/div>\n\t\t\t\t<\/div>\n\t\t<div class=\"elementor-element elementor-element-bd94a20 e-flex e-con-boxed e-con e-parent\" data-id=\"bd94a20\" data-element_type=\"container\" data-e-type=\"container\">\n\t\t\t\t\t<div class=\"e-con-inner\">\n\t\t\t\t<div class=\"elementor-element elementor-element-875b778 elementor-widget-divider--view-line elementor-widget elementor-widget-divider\" data-id=\"875b778\" data-element_type=\"widget\" data-e-type=\"widget\" data-widget_type=\"divider.default\">\n\t\t\t\t<div class=\"elementor-widget-container\">\n\t\t\t\t\t\t\t<div class=\"elementor-divider\">\n\t\t\t<span class=\"elementor-divider-separator\">\n\t\t\t\t\t\t<\/span>\n\t\t<\/div>\n\t\t\t\t\t\t<\/div>\n\t\t\t\t<\/div>\n\t\t\t\t\t<\/div>\n\t\t\t\t<\/div>\n\t\t<div class=\"elementor-element elementor-element-d4d6365 e-flex e-con-boxed e-con e-parent\" data-id=\"d4d6365\" data-element_type=\"container\" data-e-type=\"container\">\n\t\t\t\t\t<div class=\"e-con-inner\">\n\t\t\t\t<div class=\"elementor-element elementor-element-9b904e6 elementor-widget-divider--view-line elementor-widget elementor-widget-divider\" data-id=\"9b904e6\" data-element_type=\"widget\" data-e-type=\"widget\" data-widget_type=\"divider.default\">\n\t\t\t\t<div class=\"elementor-widget-container\">\n\t\t\t\t\t\t\t<div class=\"elementor-divider\">\n\t\t\t<span class=\"elementor-divider-separator\">\n\t\t\t\t\t\t<\/span>\n\t\t<\/div>\n\t\t\t\t\t\t<\/div>\n\t\t\t\t<\/div>\n\t\t\t\t\t<\/div>\n\t\t\t\t<\/div>\n\t\t<div class=\"elementor-element elementor-element-4146104 e-flex e-con-boxed e-con e-parent\" data-id=\"4146104\" data-element_type=\"container\" data-e-type=\"container\">\n\t\t\t\t\t<div class=\"e-con-inner\">\n\t\t\t\t<div class=\"elementor-element elementor-element-429755f elementor-widget-divider--view-line elementor-widget elementor-widget-divider\" data-id=\"429755f\" data-element_type=\"widget\" data-e-type=\"widget\" data-widget_type=\"divider.default\">\n\t\t\t\t<div class=\"elementor-widget-container\">\n\t\t\t\t\t\t\t<div class=\"elementor-divider\">\n\t\t\t<span class=\"elementor-divider-separator\">\n\t\t\t\t\t\t<\/span>\n\t\t<\/div>\n\t\t\t\t\t\t<\/div>\n\t\t\t\t<\/div>\n\t\t\t\t\t<\/div>\n\t\t\t\t<\/div>\n\t\t<div class=\"elementor-element elementor-element-da7996e e-flex e-con-boxed e-con e-parent\" data-id=\"da7996e\" data-element_type=\"container\" data-e-type=\"container\">\n\t\t\t\t\t<div class=\"e-con-inner\">\n\t\t\t\t<div class=\"elementor-element elementor-element-a527e6c elementor-widget-divider--view-line elementor-widget elementor-widget-divider\" data-id=\"a527e6c\" data-element_type=\"widget\" data-e-type=\"widget\" data-widget_type=\"divider.default\">\n\t\t\t\t<div class=\"elementor-widget-container\">\n\t\t\t\t\t\t\t<div class=\"elementor-divider\">\n\t\t\t<span class=\"elementor-divider-separator\">\n\t\t\t\t\t\t<\/span>\n\t\t<\/div>\n\t\t\t\t\t\t<\/div>\n\t\t\t\t<\/div>\n\t\t\t\t\t<\/div>\n\t\t\t\t<\/div>\n\t\t\t\t<\/div>\n\t\t","protected":false},"excerpt":{"rendered":"<p>Projekt \u201eHaushatshelfer-24\u201c \u00a0 Einf\u00fchrung Der gemeinn\u00fctzige Verein RDK e.V. wurde 1994 mit dem Ziel gegr\u00fcndet, russischsprachige Einwanderer aus der ehemaligen Sowjetunion bei ihrer Integration in Deutschland zu unterst\u00fctzen. Von Anfang an stand dabei der Zugang zu Bildung und kultureller Teilhabe im Mittelpunkt der Vereinsarbeit. Mit niedrigschwelligen Angeboten wie Deutsch- und Computerkursen f\u00fcr Erwachsene sowie einer [&hellip;]<\/p>\n","protected":false},"author":2,"featured_media":0,"parent":0,"menu_order":0,"comment_status":"closed","ping_status":"closed","template":"elementor_header_footer","meta":{"footnotes":""},"class_list":["post-296","page","type-page","status-publish","hentry"],"_links":{"self":[{"href":"https:\/\/haushaltshelfer-24.de\/index.php?rest_route=\/wp\/v2\/pages\/296","targetHints":{"allow":["GET"]}}],"collection":[{"href":"https:\/\/haushaltshelfer-24.de\/index.php?rest_route=\/wp\/v2\/pages"}],"about":[{"href":"https:\/\/haushaltshelfer-24.de\/index.php?rest_route=\/wp\/v2\/types\/page"}],"author":[{"embeddable":true,"href":"https:\/\/haushaltshelfer-24.de\/index.php?rest_route=\/wp\/v2\/users\/2"}],"replies":[{"embeddable":true,"href":"https:\/\/haushaltshelfer-24.de\/index.php?rest_route=%2Fwp%2Fv2%2Fcomments&post=296"}],"version-history":[{"count":49,"href":"https:\/\/haushaltshelfer-24.de\/index.php?rest_route=\/wp\/v2\/pages\/296\/revisions"}],"predecessor-version":[{"id":1153,"href":"https:\/\/haushaltshelfer-24.de\/index.php?rest_route=\/wp\/v2\/pages\/296\/revisions\/1153"}],"wp:attachment":[{"href":"https:\/\/haushaltshelfer-24.de\/index.php?rest_route=%2Fwp%2Fv2%2Fmedia&parent=296"}],"curies":[{"name":"wp","href":"https:\/\/api.w.org\/{rel}","templated":true}]}}