{"id":489,"date":"2025-04-24T09:39:09","date_gmt":"2025-04-24T11:39:09","guid":{"rendered":"http:\/\/haushalthilfe24.local\/?page_id=489"},"modified":"2025-05-05T05:37:03","modified_gmt":"2025-05-05T07:37:03","slug":"24h","status":"publish","type":"page","link":"https:\/\/haushaltshelfer-24.de\/?page_id=489","title":{"rendered":"24h"},"content":{"rendered":"\t\t<div data-elementor-type=\"wp-page\" data-elementor-id=\"489\" class=\"elementor elementor-489\">\n\t\t\t\t<div class=\"elementor-element elementor-element-57c1394 e-flex e-con-boxed e-con e-parent\" data-id=\"57c1394\" data-element_type=\"container\" data-e-type=\"container\">\n\t\t\t\t\t<div class=\"e-con-inner\">\n\t\t\t\t<div class=\"elementor-element elementor-element-afb23c4 elementor-widget elementor-widget-heading\" data-id=\"afb23c4\" data-element_type=\"widget\" data-e-type=\"widget\" data-widget_type=\"heading.default\">\n\t\t\t\t<div class=\"elementor-widget-container\">\n\t\t\t\t\t<div class=\"elementor-heading-title elementor-size-default\">24h<\/div>\t\t\t\t<\/div>\n\t\t\t\t<\/div>\n\t\t\t\t\t<\/div>\n\t\t\t\t<\/div>\n\t\t<div class=\"elementor-element elementor-element-e95766d e-flex e-con-boxed e-con e-parent\" data-id=\"e95766d\" data-element_type=\"container\" data-e-type=\"container\">\n\t\t\t\t\t<div class=\"e-con-inner\">\n\t\t<div class=\"elementor-element elementor-element-bec0b67 e-con-full e-flex e-con e-child\" data-id=\"bec0b67\" data-element_type=\"container\" data-e-type=\"container\">\n\t\t\t\t<div class=\"elementor-element elementor-element-a3fb10f elementor-widget__width-initial elementor-widget-tablet__width-initial elementor-widget elementor-widget-image\" data-id=\"a3fb10f\" data-element_type=\"widget\" data-e-type=\"widget\" data-widget_type=\"image.default\">\n\t\t\t\t<div class=\"elementor-widget-container\">\n\t\t\t\t\t\t\t\t\t\t\t\t\t\t\t<img fetchpriority=\"high\" decoding=\"async\" width=\"640\" height=\"640\" src=\"https:\/\/haushaltshelfer-24.de\/wp-content\/uploads\/2025\/04\/anra_17_Care_of_old_ladies_in_the_house_90dbe72b-5e8b-4358-ae91-d73936a81eea.webp\" class=\"attachment-large size-large wp-image-586\" alt=\"\" srcset=\"https:\/\/haushaltshelfer-24.de\/wp-content\/uploads\/2025\/04\/anra_17_Care_of_old_ladies_in_the_house_90dbe72b-5e8b-4358-ae91-d73936a81eea.webp 1024w, https:\/\/haushaltshelfer-24.de\/wp-content\/uploads\/2025\/04\/anra_17_Care_of_old_ladies_in_the_house_90dbe72b-5e8b-4358-ae91-d73936a81eea-300x300.webp 300w, https:\/\/haushaltshelfer-24.de\/wp-content\/uploads\/2025\/04\/anra_17_Care_of_old_ladies_in_the_house_90dbe72b-5e8b-4358-ae91-d73936a81eea-150x150.webp 150w, https:\/\/haushaltshelfer-24.de\/wp-content\/uploads\/2025\/04\/anra_17_Care_of_old_ladies_in_the_house_90dbe72b-5e8b-4358-ae91-d73936a81eea-768x768.webp 768w\" sizes=\"(max-width: 640px) 100vw, 640px\" \/>\t\t\t\t\t\t\t\t\t\t\t\t\t\t\t<\/div>\n\t\t\t\t<\/div>\n\t\t\t\t<\/div>\n\t\t<div class=\"elementor-element elementor-element-e86ce57 e-con-full e-flex e-con e-child\" data-id=\"e86ce57\" data-element_type=\"container\" data-e-type=\"container\">\n\t\t\t\t<div class=\"elementor-element elementor-element-bf75248 elementor-widget__width-initial elementor-widget elementor-widget-text-editor\" data-id=\"bf75248\" data-element_type=\"widget\" data-e-type=\"widget\" data-widget_type=\"text-editor.default\">\n\t\t\t\t<div class=\"elementor-widget-container\">\n\t\t\t\t\t\t\t\t\t<p><em>\u201eEines Tages haben wir eine Betreuungskraft f\u00fcr unsere Oma bestellt. Glauben Sie es oder nicht: Ab dem Moment, in dem sie die Wohnung betreten hat, mussten wir uns um absolut nichts mehr k\u00fcmmern. Sie steht morgens um 5 Uhr auf, r\u00e4umt erst alles auf, dann kocht sie \u2013 und wie sie kocht! Sie k\u00f6nnen ihr ein Men\u00fc zusammenstellen, ganz gleich ob franz\u00f6sische, chinesische oder italienische K\u00fcche \u2013 und sie serviert es wie in einem F\u00fcnf-Sterne-Restaurant. Und auch in der Nacht: Wenn Oma sie ruft \u2013 um ein Glas Wasser zu bringen, das Licht einzuschalten, manchmal sogar f\u00fcnf- bis siebenmal pro Nacht \u2013 ist sie sofort zur Stelle. Sie sollten au\u00dferdem h\u00f6ren, wie sie Deutsch spricht! Unser Onkel, wie Sie wissen ein Philologe und Dozent an der Universit\u00e4t, sagt, ihr Deutsch sei besser als das vieler Muttersprachler. Und das alles \u2013 f\u00fcr nur 900 \u20ac im Monat.\u201c<\/em><\/p><p>Dieses kleine M\u00e4rchen hat leider mit der Realit\u00e4t wenig zu tun. Eine Betreuungskraft ist ein Mensch \u2013 und keine Fee mit Zauberstab.<\/p><p>24-Stunden-Betreuung \u2013 Was bedeutet das wirklich?<br \/>Betreuungskr\u00e4fte d\u00fcrfen ausschlie\u00dflich unterst\u00fctzend zum ambulanten Pflegedienst eingesetzt werden. Ihre Aufgaben umfassen Hilfe beim An- und Ausziehen, beim Duschen und bei der leichten K\u00f6rperpflege, beim Kochen sowie bei allgemeinen Haushaltsaufgaben wie Putzen und Einkaufen.<br \/>Was Betreuungskr\u00e4fte nicht d\u00fcrfen:<br \/>Medizinische T\u00e4tigkeiten wie das Verabreichen von Injektionen oder die komplexe Wundversorgung sind gesetzlich untersagt und m\u00fcssen von Fachpersonal, also einem zugelassenen Pflegedienst, \u00fcbernommen werden.<br \/>Arbeitszeit und Ruhepausen<br \/>Auch wenn umgangssprachlich von &#8222;24-Stunden-Betreuung&#8220; gesprochen wird, bedeutet dies nicht, dass die Betreuungskraft rund um die Uhr aktiv arbeitet. Vielmehr wohnt sie im Haushalt der betreuten Person und ist au\u00dferhalb ihrer regul\u00e4ren Arbeitszeit in Rufbereitschaft \u2013 etwa f\u00fcr Notf\u00e4lle in der Nacht.<\/p>\t\t\t\t\t\t\t\t<\/div>\n\t\t\t\t<\/div>\n\t\t\t\t<\/div>\n\t\t<div class=\"elementor-element elementor-element-41d96e2 e-con-full e-flex e-con e-child\" data-id=\"41d96e2\" data-element_type=\"container\" data-e-type=\"container\">\n\t\t\t\t<div class=\"elementor-element elementor-element-cbb14e2 elementor-widget elementor-widget-text-editor\" data-id=\"cbb14e2\" data-element_type=\"widget\" data-e-type=\"widget\" data-widget_type=\"text-editor.default\">\n\t\t\t\t<div class=\"elementor-widget-container\">\n\t\t\t\t\t\t\t\t\t<p>Wichtig ist:<br \/>Die Betreuungskraft hat Anspruch auf ausreichenden Schlaf, t\u00e4gliche Pausen sowie freie Zeit \u2013 insbesondere an Wochenenden. Die Arbeitsbedingungen m\u00fcssen so gestaltet sein, dass sie auch langfristig tragbar sind.<br \/>Wenn die betreuende Person jedoch regelm\u00e4\u00dfig \u2013 etwa jede Nacht zwei- bis dreimal \u2013 wegen kleinerer Anliegen Hilfe anfordert, f\u00fchrt das schnell zu \u00dcberlastung. Nach ein bis zwei Wochen solcher Belastung ist die Betreuungskraft oft ersch\u00f6pft und nicht mehr in der Lage, ihre Arbeit gewissenhaft fortzusetzen.<\/p><p><strong>Fazit:<\/strong><\/p><p>Eine gute 24-Stunden-Betreuung braucht klare Absprachen, R\u00fccksicht und Verst\u00e4ndnis f\u00fcr die Grenzen der Betreuungskraft. Nur so kann eine stabile, nachhaltige und respektvolle Betreuung gew\u00e4hrleistet werden \u2013 zum Wohl aller Beteiligten.<\/p>\t\t\t\t\t\t\t\t<\/div>\n\t\t\t\t<\/div>\n\t\t\t\t<\/div>\n\t\t\t\t\t<\/div>\n\t\t\t\t<\/div>\n\t\t<div class=\"elementor-element elementor-element-a3c6f35 e-flex e-con-boxed e-con e-parent\" data-id=\"a3c6f35\" data-element_type=\"container\" data-e-type=\"container\">\n\t\t\t\t\t<div class=\"e-con-inner\">\n\t\t\t\t<div class=\"elementor-element elementor-element-fb4a252 elementor-widget-divider--view-line elementor-widget elementor-widget-divider\" data-id=\"fb4a252\" data-element_type=\"widget\" data-e-type=\"widget\" data-widget_type=\"divider.default\">\n\t\t\t\t<div class=\"elementor-widget-container\">\n\t\t\t\t\t\t\t<div class=\"elementor-divider\">\n\t\t\t<span class=\"elementor-divider-separator\">\n\t\t\t\t\t\t<\/span>\n\t\t<\/div>\n\t\t\t\t\t\t<\/div>\n\t\t\t\t<\/div>\n\t\t\t\t\t<\/div>\n\t\t\t\t<\/div>\n\t\t<div class=\"elementor-element elementor-element-f66e897 e-flex e-con-boxed e-con e-parent\" data-id=\"f66e897\" data-element_type=\"container\" data-e-type=\"container\">\n\t\t\t\t\t<div class=\"e-con-inner\">\n\t\t\t\t<div class=\"elementor-element elementor-element-618ff6a elementor-widget-divider--view-line elementor-widget elementor-widget-divider\" data-id=\"618ff6a\" data-element_type=\"widget\" data-e-type=\"widget\" data-widget_type=\"divider.default\">\n\t\t\t\t<div class=\"elementor-widget-container\">\n\t\t\t\t\t\t\t<div class=\"elementor-divider\">\n\t\t\t<span class=\"elementor-divider-separator\">\n\t\t\t\t\t\t<\/span>\n\t\t<\/div>\n\t\t\t\t\t\t<\/div>\n\t\t\t\t<\/div>\n\t\t\t\t\t<\/div>\n\t\t\t\t<\/div>\n\t\t<div class=\"elementor-element elementor-element-39e03e0 e-flex e-con-boxed e-con e-parent\" data-id=\"39e03e0\" data-element_type=\"container\" data-e-type=\"container\">\n\t\t\t\t\t<div class=\"e-con-inner\">\n\t\t\t\t<div class=\"elementor-element elementor-element-67a0b80 elementor-widget-divider--view-line elementor-widget elementor-widget-divider\" data-id=\"67a0b80\" data-element_type=\"widget\" data-e-type=\"widget\" data-widget_type=\"divider.default\">\n\t\t\t\t<div class=\"elementor-widget-container\">\n\t\t\t\t\t\t\t<div class=\"elementor-divider\">\n\t\t\t<span class=\"elementor-divider-separator\">\n\t\t\t\t\t\t<\/span>\n\t\t<\/div>\n\t\t\t\t\t\t<\/div>\n\t\t\t\t<\/div>\n\t\t\t\t\t<\/div>\n\t\t\t\t<\/div>\n\t\t<div class=\"elementor-element elementor-element-fdd93c4 e-flex e-con-boxed e-con e-parent\" data-id=\"fdd93c4\" data-element_type=\"container\" data-e-type=\"container\">\n\t\t\t\t\t<div class=\"e-con-inner\">\n\t\t\t\t<div class=\"elementor-element elementor-element-d782c1f elementor-widget-divider--view-line elementor-widget elementor-widget-divider\" data-id=\"d782c1f\" data-element_type=\"widget\" data-e-type=\"widget\" data-widget_type=\"divider.default\">\n\t\t\t\t<div class=\"elementor-widget-container\">\n\t\t\t\t\t\t\t<div class=\"elementor-divider\">\n\t\t\t<span class=\"elementor-divider-separator\">\n\t\t\t\t\t\t<\/span>\n\t\t<\/div>\n\t\t\t\t\t\t<\/div>\n\t\t\t\t<\/div>\n\t\t\t\t\t<\/div>\n\t\t\t\t<\/div>\n\t\t<div class=\"elementor-element elementor-element-193b35d e-flex e-con-boxed e-con e-parent\" data-id=\"193b35d\" data-element_type=\"container\" data-e-type=\"container\">\n\t\t\t\t\t<div class=\"e-con-inner\">\n\t\t\t\t<div class=\"elementor-element elementor-element-b4e0931 elementor-widget-divider--view-line elementor-widget elementor-widget-divider\" data-id=\"b4e0931\" data-element_type=\"widget\" data-e-type=\"widget\" data-widget_type=\"divider.default\">\n\t\t\t\t<div class=\"elementor-widget-container\">\n\t\t\t\t\t\t\t<div class=\"elementor-divider\">\n\t\t\t<span class=\"elementor-divider-separator\">\n\t\t\t\t\t\t<\/span>\n\t\t<\/div>\n\t\t\t\t\t\t<\/div>\n\t\t\t\t<\/div>\n\t\t\t\t\t<\/div>\n\t\t\t\t<\/div>\n\t\t<div class=\"elementor-element elementor-element-215618b e-flex e-con-boxed e-con e-parent\" data-id=\"215618b\" data-element_type=\"container\" data-e-type=\"container\">\n\t\t\t\t\t<div class=\"e-con-inner\">\n\t\t\t\t<div class=\"elementor-element elementor-element-d25f277 elementor-widget-divider--view-line elementor-widget elementor-widget-divider\" data-id=\"d25f277\" data-element_type=\"widget\" data-e-type=\"widget\" data-widget_type=\"divider.default\">\n\t\t\t\t<div class=\"elementor-widget-container\">\n\t\t\t\t\t\t\t<div class=\"elementor-divider\">\n\t\t\t<span class=\"elementor-divider-separator\">\n\t\t\t\t\t\t<\/span>\n\t\t<\/div>\n\t\t\t\t\t\t<\/div>\n\t\t\t\t<\/div>\n\t\t\t\t\t<\/div>\n\t\t\t\t<\/div>\n\t\t<div class=\"elementor-element elementor-element-37d5856 e-flex e-con-boxed e-con e-parent\" data-id=\"37d5856\" data-element_type=\"container\" data-e-type=\"container\">\n\t\t\t\t\t<div class=\"e-con-inner\">\n\t\t\t\t<div class=\"elementor-element elementor-element-904dd7e elementor-widget-divider--view-line elementor-widget elementor-widget-divider\" data-id=\"904dd7e\" data-element_type=\"widget\" data-e-type=\"widget\" data-widget_type=\"divider.default\">\n\t\t\t\t<div class=\"elementor-widget-container\">\n\t\t\t\t\t\t\t<div class=\"elementor-divider\">\n\t\t\t<span class=\"elementor-divider-separator\">\n\t\t\t\t\t\t<\/span>\n\t\t<\/div>\n\t\t\t\t\t\t<\/div>\n\t\t\t\t<\/div>\n\t\t\t\t\t<\/div>\n\t\t\t\t<\/div>\n\t\t\t\t<\/div>\n\t\t","protected":false},"excerpt":{"rendered":"<p>24h \u201eEines Tages haben wir eine Betreuungskraft f\u00fcr unsere Oma bestellt. Glauben Sie es oder nicht: Ab dem Moment, in dem sie die Wohnung betreten hat, mussten wir uns um absolut nichts mehr k\u00fcmmern. Sie steht morgens um 5 Uhr auf, r\u00e4umt erst alles auf, dann kocht sie \u2013 und wie sie kocht! Sie k\u00f6nnen [&hellip;]<\/p>\n","protected":false},"author":2,"featured_media":0,"parent":0,"menu_order":0,"comment_status":"closed","ping_status":"closed","template":"elementor_header_footer","meta":{"footnotes":""},"class_list":["post-489","page","type-page","status-publish","hentry"],"_links":{"self":[{"href":"https:\/\/haushaltshelfer-24.de\/index.php?rest_route=\/wp\/v2\/pages\/489","targetHints":{"allow":["GET"]}}],"collection":[{"href":"https:\/\/haushaltshelfer-24.de\/index.php?rest_route=\/wp\/v2\/pages"}],"about":[{"href":"https:\/\/haushaltshelfer-24.de\/index.php?rest_route=\/wp\/v2\/types\/page"}],"author":[{"embeddable":true,"href":"https:\/\/haushaltshelfer-24.de\/index.php?rest_route=\/wp\/v2\/users\/2"}],"replies":[{"embeddable":true,"href":"https:\/\/haushaltshelfer-24.de\/index.php?rest_route=%2Fwp%2Fv2%2Fcomments&post=489"}],"version-history":[{"count":44,"href":"https:\/\/haushaltshelfer-24.de\/index.php?rest_route=\/wp\/v2\/pages\/489\/revisions"}],"predecessor-version":[{"id":1239,"href":"https:\/\/haushaltshelfer-24.de\/index.php?rest_route=\/wp\/v2\/pages\/489\/revisions\/1239"}],"wp:attachment":[{"href":"https:\/\/haushaltshelfer-24.de\/index.php?rest_route=%2Fwp%2Fv2%2Fmedia&parent=489"}],"curies":[{"name":"wp","href":"https:\/\/api.w.org\/{rel}","templated":true}]}}