{"id":52,"date":"2025-03-10T13:09:22","date_gmt":"2025-03-10T15:09:22","guid":{"rendered":"http:\/\/haushalthilfe24.local\/?page_id=52"},"modified":"2025-07-20T10:27:52","modified_gmt":"2025-07-20T12:27:52","slug":"home","status":"publish","type":"page","link":"https:\/\/haushaltshelfer-24.de\/","title":{"rendered":"home"},"content":{"rendered":"\t\t<div data-elementor-type=\"wp-page\" data-elementor-id=\"52\" class=\"elementor elementor-52\">\n\t\t\t\t<div class=\"elementor-element elementor-element-70f5023 e-flex e-con-boxed e-con e-parent\" data-id=\"70f5023\" data-element_type=\"container\" data-e-type=\"container\">\n\t\t\t\t\t<div class=\"e-con-inner\">\n\t\t<div class=\"elementor-element elementor-element-d592251 e-con-full e-flex e-con e-child\" data-id=\"d592251\" data-element_type=\"container\" data-e-type=\"container\">\n\t\t\t\t<div class=\"elementor-element elementor-element-9192b69 elementor-widget__width-initial elementor-widget elementor-widget-heading\" data-id=\"9192b69\" data-element_type=\"widget\" data-e-type=\"widget\" data-widget_type=\"heading.default\">\n\t\t\t\t<div class=\"elementor-widget-container\">\n\t\t\t\t\t<div class=\"elementor-heading-title elementor-size-default\">Wir sind f\u00fcr Sie da - 24 h.<\/div>\t\t\t\t<\/div>\n\t\t\t\t<\/div>\n\t\t\t\t<div class=\"elementor-element elementor-element-c52ce64 elementor-widget__width-initial elementor-widget elementor-widget-heading\" data-id=\"c52ce64\" data-element_type=\"widget\" data-e-type=\"widget\" data-widget_type=\"heading.default\">\n\t\t\t\t<div class=\"elementor-widget-container\">\n\t\t\t\t\t<h2 class=\"elementor-heading-title elementor-size-default\">unsere Helferinnen sind  f\u00fcrsorglich und warmherzig!<\/h2>\t\t\t\t<\/div>\n\t\t\t\t<\/div>\n\t\t\t\t<\/div>\n\t\t<div class=\"elementor-element elementor-element-2fc3031 e-con-full e-flex e-con e-child\" data-id=\"2fc3031\" data-element_type=\"container\" data-e-type=\"container\">\n\t\t\t\t<div class=\"elementor-element elementor-element-ef74602 elementor-widget__width-initial elementor-widget elementor-widget-image\" data-id=\"ef74602\" data-element_type=\"widget\" data-e-type=\"widget\" data-widget_type=\"image.default\">\n\t\t\t\t<div class=\"elementor-widget-container\">\n\t\t\t\t\t\t\t\t\t\t\t\t\t\t\t<img decoding=\"async\" src=\"https:\/\/haushaltshelfer-24.de\/wp-content\/uploads\/2025\/03\/BannerHhaushalt.png\" title=\"BannerHhaushalt\" alt=\"BannerHhaushalt\" loading=\"lazy\" \/>\t\t\t\t\t\t\t\t\t\t\t\t\t\t\t<\/div>\n\t\t\t\t<\/div>\n\t\t\t\t<\/div>\n\t\t\t\t\t<\/div>\n\t\t\t\t<\/div>\n\t\t<div class=\"elementor-element elementor-element-db554b7 e-flex e-con-boxed e-con e-parent\" data-id=\"db554b7\" data-element_type=\"container\" data-e-type=\"container\">\n\t\t\t\t\t<div class=\"e-con-inner\">\n\t\t\t\t<div class=\"elementor-element elementor-element-0fc156d elementor-widget elementor-widget-heading\" data-id=\"0fc156d\" data-element_type=\"widget\" data-e-type=\"widget\" data-widget_type=\"heading.default\">\n\t\t\t\t<div class=\"elementor-widget-container\">\n\t\t\t\t\t<div class=\"elementor-heading-title elementor-size-default\">Herausforderung, die uns bevorsteht.<\/div>\t\t\t\t<\/div>\n\t\t\t\t<\/div>\n\t\t\t\t\t<\/div>\n\t\t\t\t<\/div>\n\t\t<div class=\"elementor-element elementor-element-2238188 e-flex e-con-boxed e-con e-parent\" data-id=\"2238188\" data-element_type=\"container\" data-e-type=\"container\">\n\t\t\t\t\t<div class=\"e-con-inner\">\n\t\t<div class=\"elementor-element elementor-element-0faebce e-con-full e-flex e-con e-child\" data-id=\"0faebce\" data-element_type=\"container\" data-e-type=\"container\">\n\t\t\t\t<div class=\"elementor-element elementor-element-c3c81fb elementor-widget elementor-widget-heading\" data-id=\"c3c81fb\" data-element_type=\"widget\" data-e-type=\"widget\" data-widget_type=\"heading.default\">\n\t\t\t\t<div class=\"elementor-widget-container\">\n\t\t\t\t\t<div class=\"elementor-heading-title elementor-size-default\">wir werden alt<\/div>\t\t\t\t<\/div>\n\t\t\t\t<\/div>\n\t\t\t\t<div class=\"elementor-element elementor-element-765d295 elementor-widget elementor-widget-heading\" data-id=\"765d295\" data-element_type=\"widget\" data-e-type=\"widget\" data-widget_type=\"heading.default\">\n\t\t\t\t<div class=\"elementor-widget-container\">\n\t\t\t\t\t<div class=\"elementor-heading-title elementor-size-default\">Mit dem \u00c4lterwerden unserer Eltern wird es immer wichtiger, sich Gedanken \u00fcber ihre Betreuung zu machen. Pl\u00f6tzlich erkennen wir, dass sie auf unsere Hilfe angewiesen sind. Doch oft stehen wir selbst vor der Herausforderung, Familie, Beruf und eigene Verpflichtungen unter einen Hut zu bringen.\u00a0 Eine M\u00f6glichkeit ist der Umzug ins Altenheim, wo professionelle Pflege rund um die Uhr gew\u00e4hrleistet ist. Der Nachteil hierbei ist jedoch, dass der Umzug und die Umstellung auf das neue Umfeld f\u00fcr einige \u00e4ltere Menschen sehr belastend sein kann.\u00a0Eine andere Option ist die h\u00e4usliche Betreuung, bei der eine Hilfskraft die Betreuung in der vertrauten Umgebung der Eltern \u00fcbernimmt. Hier bleibt der gewohnte Alltag erhalten, was viele als sehr angenehm empfinden. Allerdings kann es eine Herausforderung sein, wenn die Hilfskraft die Sprache nicht perfekt beherrscht. Letztendlich ist es wichtig, die beste L\u00f6sung f\u00fcr die individuellen Bed\u00fcrfnisse und W\u00fcnsche der Eltern zu finden. Welche Variante f\u00fcr die eigene Familie zutrifft, muss die Familie selbst entscheiden.<\/div>\t\t\t\t<\/div>\n\t\t\t\t<\/div>\n\t\t\t\t<\/div>\n\t\t<div class=\"elementor-element elementor-element-074f0ac e-con-full e-flex e-con e-child\" data-id=\"074f0ac\" data-element_type=\"container\" data-e-type=\"container\">\n\t\t\t\t<div class=\"elementor-element elementor-element-a2c76d7 elementor-widget elementor-widget-image\" data-id=\"a2c76d7\" data-element_type=\"widget\" data-e-type=\"widget\" data-widget_type=\"image.default\">\n\t\t\t\t<div class=\"elementor-widget-container\">\n\t\t\t\t\t\t\t\t\t\t\t\t\t\t\t<img fetchpriority=\"high\" decoding=\"async\" width=\"640\" height=\"640\" src=\"https:\/\/haushaltshelfer-24.de\/wp-content\/uploads\/2025\/03\/3.png\" class=\"attachment-large size-large wp-image-111\" alt=\"\" srcset=\"https:\/\/haushaltshelfer-24.de\/wp-content\/uploads\/2025\/03\/3.png 1024w, https:\/\/haushaltshelfer-24.de\/wp-content\/uploads\/2025\/03\/3-300x300.png 300w, https:\/\/haushaltshelfer-24.de\/wp-content\/uploads\/2025\/03\/3-150x150.png 150w, https:\/\/haushaltshelfer-24.de\/wp-content\/uploads\/2025\/03\/3-768x768.png 768w\" sizes=\"(max-width: 640px) 100vw, 640px\" \/>\t\t\t\t\t\t\t\t\t\t\t\t\t\t\t<\/div>\n\t\t\t\t<\/div>\n\t\t\t\t<\/div>\n\t\t\t\t\t<\/div>\n\t\t\t\t<\/div>\n\t\t<div class=\"elementor-element elementor-element-b8ca1a0 e-flex e-con-boxed e-con e-parent\" data-id=\"b8ca1a0\" data-element_type=\"container\" data-e-type=\"container\">\n\t\t\t\t\t<div class=\"e-con-inner\">\n\t\t\t\t<div class=\"elementor-element elementor-element-a879621 elementor-widget-divider--view-line elementor-widget elementor-widget-divider\" data-id=\"a879621\" data-element_type=\"widget\" data-e-type=\"widget\" data-widget_type=\"divider.default\">\n\t\t\t\t<div class=\"elementor-widget-container\">\n\t\t\t\t\t\t\t<div class=\"elementor-divider\">\n\t\t\t<span class=\"elementor-divider-separator\">\n\t\t\t\t\t\t<\/span>\n\t\t<\/div>\n\t\t\t\t\t\t<\/div>\n\t\t\t\t<\/div>\n\t\t\t\t\t<\/div>\n\t\t\t\t<\/div>\n\t\t<div class=\"elementor-element elementor-element-67c6d96 e-flex e-con-boxed e-con e-parent\" data-id=\"67c6d96\" data-element_type=\"container\" data-e-type=\"container\" data-settings=\"{&quot;background_background&quot;:&quot;classic&quot;}\">\n\t\t\t\t\t<div class=\"e-con-inner\">\n\t\t<div class=\"elementor-element elementor-element-c2ce45d e-con-full e-flex e-con e-child\" data-id=\"c2ce45d\" data-element_type=\"container\" data-e-type=\"container\">\n\t\t\t\t<div class=\"elementor-element elementor-element-2ebe124 elementor-view-default elementor-widget elementor-widget-icon\" data-id=\"2ebe124\" data-element_type=\"widget\" data-e-type=\"widget\" data-widget_type=\"icon.default\">\n\t\t\t\t<div class=\"elementor-widget-container\">\n\t\t\t\t\t\t\t<div class=\"elementor-icon-wrapper\">\n\t\t\t<div class=\"elementor-icon\">\n\t\t\t<svg aria-hidden=\"true\" class=\"e-font-icon-svg e-fas-phone-alt\" viewBox=\"0 0 512 512\" xmlns=\"http:\/\/www.w3.org\/2000\/svg\"><path d=\"M497.39 361.8l-112-48a24 24 0 0 0-28 6.9l-49.6 60.6A370.66 370.66 0 0 1 130.6 204.11l60.6-49.6a23.94 23.94 0 0 0 6.9-28l-48-112A24.16 24.16 0 0 0 122.6.61l-104 24A24 24 0 0 0 0 48c0 256.5 207.9 464 464 464a24 24 0 0 0 23.4-18.6l24-104a24.29 24.29 0 0 0-14.01-27.6z\"><\/path><\/svg>\t\t\t<\/div>\n\t\t<\/div>\n\t\t\t\t\t\t<\/div>\n\t\t\t\t<\/div>\n\t\t\t\t<div class=\"elementor-element elementor-element-4b7a3ea elementor-widget elementor-widget-heading\" data-id=\"4b7a3ea\" data-element_type=\"widget\" data-e-type=\"widget\" data-widget_type=\"heading.default\">\n\t\t\t\t<div class=\"elementor-widget-container\">\n\t\t\t\t\t<h2 class=\"elementor-heading-title elementor-size-default\"><a href=\"https:\/\/haushaltshelfer-24.de\/?page_id=306\">kontakt<\/a><\/h2>\t\t\t\t<\/div>\n\t\t\t\t<\/div>\n\t\t\t\t<\/div>\n\t\t<div class=\"elementor-element elementor-element-0b22fe8 e-con-full e-flex e-con e-child\" data-id=\"0b22fe8\" data-element_type=\"container\" data-e-type=\"container\">\n\t\t\t\t<div class=\"elementor-element elementor-element-3c32a8d elementor-view-default elementor-widget elementor-widget-icon\" data-id=\"3c32a8d\" data-element_type=\"widget\" data-e-type=\"widget\" data-widget_type=\"icon.default\">\n\t\t\t\t<div class=\"elementor-widget-container\">\n\t\t\t\t\t\t\t<div class=\"elementor-icon-wrapper\">\n\t\t\t<div class=\"elementor-icon\">\n\t\t\t<svg aria-hidden=\"true\" class=\"e-font-icon-svg e-fas-users\" viewBox=\"0 0 640 512\" xmlns=\"http:\/\/www.w3.org\/2000\/svg\"><path d=\"M96 224c35.3 0 64-28.7 64-64s-28.7-64-64-64-64 28.7-64 64 28.7 64 64 64zm448 0c35.3 0 64-28.7 64-64s-28.7-64-64-64-64 28.7-64 64 28.7 64 64 64zm32 32h-64c-17.6 0-33.5 7.1-45.1 18.6 40.3 22.1 68.9 62 75.1 109.4h66c17.7 0 32-14.3 32-32v-32c0-35.3-28.7-64-64-64zm-256 0c61.9 0 112-50.1 112-112S381.9 32 320 32 208 82.1 208 144s50.1 112 112 112zm76.8 32h-8.3c-20.8 10-43.9 16-68.5 16s-47.6-6-68.5-16h-8.3C179.6 288 128 339.6 128 403.2V432c0 26.5 21.5 48 48 48h288c26.5 0 48-21.5 48-48v-28.8c0-63.6-51.6-115.2-115.2-115.2zm-223.7-13.4C161.5 263.1 145.6 256 128 256H64c-35.3 0-64 28.7-64 64v32c0 17.7 14.3 32 32 32h65.9c6.3-47.4 34.9-87.3 75.2-109.4z\"><\/path><\/svg>\t\t\t<\/div>\n\t\t<\/div>\n\t\t\t\t\t\t<\/div>\n\t\t\t\t<\/div>\n\t\t\t\t<div class=\"elementor-element elementor-element-fefcd30 elementor-widget elementor-widget-heading\" data-id=\"fefcd30\" data-element_type=\"widget\" data-e-type=\"widget\" data-widget_type=\"heading.default\">\n\t\t\t\t<div class=\"elementor-widget-container\">\n\t\t\t\t\t<h2 class=\"elementor-heading-title elementor-size-default\"><a href=\"https:\/\/haushaltshelfer-24.de\/?page_id=570\">pesonal<\/a><\/h2>\t\t\t\t<\/div>\n\t\t\t\t<\/div>\n\t\t\t\t<\/div>\n\t\t<div class=\"elementor-element elementor-element-0465586 e-con-full e-flex e-con e-child\" data-id=\"0465586\" data-element_type=\"container\" data-e-type=\"container\">\n\t\t\t\t<div class=\"elementor-element elementor-element-8acf364 elementor-view-default elementor-widget elementor-widget-icon\" data-id=\"8acf364\" data-element_type=\"widget\" data-e-type=\"widget\" data-widget_type=\"icon.default\">\n\t\t\t\t<div class=\"elementor-widget-container\">\n\t\t\t\t\t\t\t<div class=\"elementor-icon-wrapper\">\n\t\t\t<div class=\"elementor-icon\">\n\t\t\t<svg aria-hidden=\"true\" class=\"e-font-icon-svg e-fas-people-arrows\" viewBox=\"0 0 576 512\" xmlns=\"http:\/\/www.w3.org\/2000\/svg\"><path d=\"M96,128A64,64,0,1,0,32,64,64,64,0,0,0,96,128Zm0,176.08a44.11,44.11,0,0,1,13.64-32L181.77,204c1.65-1.55,3.77-2.31,5.61-3.57A63.91,63.91,0,0,0,128,160H64A64,64,0,0,0,0,224v96a32,32,0,0,0,32,32V480a32,32,0,0,0,32,32h64a32,32,0,0,0,32-32V383.61l-50.36-47.53A44.08,44.08,0,0,1,96,304.08ZM480,128a64,64,0,1,0-64-64A64,64,0,0,0,480,128Zm32,32H448a63.91,63.91,0,0,0-59.38,40.42c1.84,1.27,4,2,5.62,3.59l72.12,68.06a44.37,44.37,0,0,1,0,64L416,383.62V480a32,32,0,0,0,32,32h64a32,32,0,0,0,32-32V352a32,32,0,0,0,32-32V224A64,64,0,0,0,512,160ZM444.4,295.34l-72.12-68.06A12,12,0,0,0,352,236v36H224V236a12,12,0,0,0-20.28-8.73L131.6,295.34a12.4,12.4,0,0,0,0,17.47l72.12,68.07A12,12,0,0,0,224,372.14V336H352v36.14a12,12,0,0,0,20.28,8.74l72.12-68.07A12.4,12.4,0,0,0,444.4,295.34Z\"><\/path><\/svg>\t\t\t<\/div>\n\t\t<\/div>\n\t\t\t\t\t\t<\/div>\n\t\t\t\t<\/div>\n\t\t\t\t<div class=\"elementor-element elementor-element-26d8d06 elementor-widget elementor-widget-heading\" data-id=\"26d8d06\" data-element_type=\"widget\" data-e-type=\"widget\" data-widget_type=\"heading.default\">\n\t\t\t\t<div class=\"elementor-widget-container\">\n\t\t\t\t\t<h2 class=\"elementor-heading-title elementor-size-default\"><a href=\"https:\/\/haushaltshelfer-24.de\/?page_id=489\">24h<\/a><\/h2>\t\t\t\t<\/div>\n\t\t\t\t<\/div>\n\t\t\t\t<\/div>\n\t\t\t\t\t<\/div>\n\t\t\t\t<\/div>\n\t\t<div class=\"elementor-element elementor-element-f638523 e-flex e-con-boxed e-con e-parent\" data-id=\"f638523\" data-element_type=\"container\" data-e-type=\"container\">\n\t\t\t\t\t<div class=\"e-con-inner\">\n\t\t\t\t<div class=\"elementor-element elementor-element-db2cbf9 elementor-widget-divider--view-line elementor-widget elementor-widget-divider\" data-id=\"db2cbf9\" data-element_type=\"widget\" data-e-type=\"widget\" data-widget_type=\"divider.default\">\n\t\t\t\t<div class=\"elementor-widget-container\">\n\t\t\t\t\t\t\t<div class=\"elementor-divider\">\n\t\t\t<span class=\"elementor-divider-separator\">\n\t\t\t\t\t\t<\/span>\n\t\t<\/div>\n\t\t\t\t\t\t<\/div>\n\t\t\t\t<\/div>\n\t\t\t\t\t<\/div>\n\t\t\t\t<\/div>\n\t\t<div class=\"elementor-element elementor-element-c008be2 e-flex e-con-boxed e-con e-parent\" data-id=\"c008be2\" data-element_type=\"container\" data-e-type=\"container\">\n\t\t\t\t\t<div class=\"e-con-inner\">\n\t\t<div class=\"elementor-element elementor-element-e711305 e-con-full e-flex e-con e-child\" data-id=\"e711305\" data-element_type=\"container\" data-e-type=\"container\">\n\t\t\t\t<div class=\"elementor-element elementor-element-556cc04 elementor-widget elementor-widget-image\" data-id=\"556cc04\" data-element_type=\"widget\" data-e-type=\"widget\" data-widget_type=\"image.default\">\n\t\t\t\t<div class=\"elementor-widget-container\">\n\t\t\t\t\t\t\t\t\t\t\t\t\t\t\t<img decoding=\"async\" width=\"640\" height=\"640\" src=\"https:\/\/haushaltshelfer-24.de\/wp-content\/uploads\/2025\/03\/5.png\" class=\"attachment-large size-large wp-image-112\" alt=\"\" srcset=\"https:\/\/haushaltshelfer-24.de\/wp-content\/uploads\/2025\/03\/5.png 1024w, https:\/\/haushaltshelfer-24.de\/wp-content\/uploads\/2025\/03\/5-300x300.png 300w, https:\/\/haushaltshelfer-24.de\/wp-content\/uploads\/2025\/03\/5-150x150.png 150w, https:\/\/haushaltshelfer-24.de\/wp-content\/uploads\/2025\/03\/5-768x768.png 768w\" sizes=\"(max-width: 640px) 100vw, 640px\" \/>\t\t\t\t\t\t\t\t\t\t\t\t\t\t\t<\/div>\n\t\t\t\t<\/div>\n\t\t\t\t<\/div>\n\t\t<div class=\"elementor-element elementor-element-12ffac5 e-con-full e-flex e-con e-child\" data-id=\"12ffac5\" data-element_type=\"container\" data-e-type=\"container\">\n\t\t\t\t<div class=\"elementor-element elementor-element-1abb3a3 elementor-widget elementor-widget-heading\" data-id=\"1abb3a3\" data-element_type=\"widget\" data-e-type=\"widget\" data-widget_type=\"heading.default\">\n\t\t\t\t<div class=\"elementor-widget-container\">\n\t\t\t\t\t<h2 class=\"elementor-heading-title elementor-size-default\">Vorsicht!<\/h2>\t\t\t\t<\/div>\n\t\t\t\t<\/div>\n\t\t\t\t<div class=\"elementor-element elementor-element-9742d07 elementor-widget elementor-widget-heading\" data-id=\"9742d07\" data-element_type=\"widget\" data-e-type=\"widget\" data-widget_type=\"heading.default\">\n\t\t\t\t<div class=\"elementor-widget-container\">\n\t\t\t\t\t<div class=\"elementor-heading-title elementor-size-default\">F\u00fcr Familien, die sich f\u00fcr die h\u00e4usliche Betreuung ihrer Eltern oder Angeh\u00f6rigen entschieden haben, ist es eine Zeit des Umbruchs, aber auch eine Zeit, in der viel Unterst\u00fctzung und F\u00fcrsorge m\u00f6glich ist. Die Entscheidung, zu Hause zu bleiben, bietet den Vorteil, dass Ihre Angeh\u00f6rigen in ihrer gewohnten Umgebung bleiben k\u00f6nnen, was oft zu einem gr\u00f6\u00dferen Wohlbefinden f\u00fchrt. Die Unterst\u00fctzung durch eine Hilfskraft erm\u00f6glicht es, dass Ihre Eltern weiterhin in ihrer vertrauten Umgebung leben k\u00f6nnen, w\u00e4hrend sie gleichzeitig die notwendige Pflege und Unterst\u00fctzung erhalten. Es ist wichtig, eine Hilfskraft zu finden, die nicht nur fachlich qualifiziert ist, sondern auch menschlich gut zu Ihrer Familie passt.\u00a0F\u00fcr Familien, die sich f\u00fcr die h\u00e4usliche Betreuung entschieden haben, ist es wichtig, einige wichtige Punkte zu beachten. Wenn eine Hilfskraft in der Familie arbeitet, muss sichergestellt werden, dass sie legal angestellt ist.\u00a0Das bedeutet, dass die Hilfskraft einen offiziellen Arbeitgeber hat und alle gesetzlichen Abgaben wie Steuern und Sozialversicherungsbeitr\u00e4ge ordnungsgem\u00e4\u00df gezahlt werden.\u00a0Die rechtliche Absicherung sorgt daf\u00fcr, dass sowohl die Familie als auch die Hilfskraft in einer sicheren und rechtlich korrekten Umgebung arbeiten.<\/div>\t\t\t\t<\/div>\n\t\t\t\t<\/div>\n\t\t\t\t<\/div>\n\t\t\t\t\t<\/div>\n\t\t\t\t<\/div>\n\t\t<div class=\"elementor-element elementor-element-828525d e-flex e-con-boxed e-con e-parent\" data-id=\"828525d\" data-element_type=\"container\" data-e-type=\"container\">\n\t\t\t\t\t<div class=\"e-con-inner\">\n\t\t\t\t<div class=\"elementor-element elementor-element-0985ba4 elementor-widget-divider--view-line elementor-widget elementor-widget-divider\" data-id=\"0985ba4\" data-element_type=\"widget\" data-e-type=\"widget\" data-widget_type=\"divider.default\">\n\t\t\t\t<div class=\"elementor-widget-container\">\n\t\t\t\t\t\t\t<div class=\"elementor-divider\">\n\t\t\t<span class=\"elementor-divider-separator\">\n\t\t\t\t\t\t<\/span>\n\t\t<\/div>\n\t\t\t\t\t\t<\/div>\n\t\t\t\t<\/div>\n\t\t\t\t\t<\/div>\n\t\t\t\t<\/div>\n\t\t<div class=\"elementor-element elementor-element-76828e8 e-flex e-con-boxed e-con e-parent\" data-id=\"76828e8\" data-element_type=\"container\" data-e-type=\"container\">\n\t\t\t\t\t<div class=\"e-con-inner\">\n\t\t\t\t<div class=\"elementor-element elementor-element-360640f elementor-widget-divider--view-line elementor-widget elementor-widget-divider\" data-id=\"360640f\" data-element_type=\"widget\" data-e-type=\"widget\" data-widget_type=\"divider.default\">\n\t\t\t\t<div class=\"elementor-widget-container\">\n\t\t\t\t\t\t\t<div class=\"elementor-divider\">\n\t\t\t<span class=\"elementor-divider-separator\">\n\t\t\t\t\t\t<\/span>\n\t\t<\/div>\n\t\t\t\t\t\t<\/div>\n\t\t\t\t<\/div>\n\t\t\t\t\t<\/div>\n\t\t\t\t<\/div>\n\t\t<div class=\"elementor-element elementor-element-7fe63f2 e-flex e-con-boxed e-con e-parent\" data-id=\"7fe63f2\" data-element_type=\"container\" data-e-type=\"container\">\n\t\t\t\t\t<div class=\"e-con-inner\">\n\t\t\t\t<div class=\"elementor-element elementor-element-135dd16 elementor-widget-divider--view-line elementor-widget elementor-widget-divider\" data-id=\"135dd16\" data-element_type=\"widget\" data-e-type=\"widget\" data-widget_type=\"divider.default\">\n\t\t\t\t<div class=\"elementor-widget-container\">\n\t\t\t\t\t\t\t<div class=\"elementor-divider\">\n\t\t\t<span class=\"elementor-divider-separator\">\n\t\t\t\t\t\t<\/span>\n\t\t<\/div>\n\t\t\t\t\t\t<\/div>\n\t\t\t\t<\/div>\n\t\t\t\t\t<\/div>\n\t\t\t\t<\/div>\n\t\t<div class=\"elementor-element elementor-element-7a654ee e-flex e-con-boxed e-con e-parent\" data-id=\"7a654ee\" data-element_type=\"container\" data-e-type=\"container\">\n\t\t\t\t\t<div class=\"e-con-inner\">\n\t\t\t\t<div class=\"elementor-element elementor-element-6d9d06c elementor-widget-divider--view-line elementor-widget elementor-widget-divider\" data-id=\"6d9d06c\" data-element_type=\"widget\" data-e-type=\"widget\" data-widget_type=\"divider.default\">\n\t\t\t\t<div class=\"elementor-widget-container\">\n\t\t\t\t\t\t\t<div class=\"elementor-divider\">\n\t\t\t<span class=\"elementor-divider-separator\">\n\t\t\t\t\t\t<\/span>\n\t\t<\/div>\n\t\t\t\t\t\t<\/div>\n\t\t\t\t<\/div>\n\t\t\t\t\t<\/div>\n\t\t\t\t<\/div>\n\t\t<div class=\"elementor-element elementor-element-191b27c e-flex e-con-boxed e-con e-parent\" data-id=\"191b27c\" data-element_type=\"container\" data-e-type=\"container\">\n\t\t\t\t\t<div class=\"e-con-inner\">\n\t\t\t\t<div class=\"elementor-element elementor-element-9bf0382 elementor-widget-divider--view-line elementor-widget elementor-widget-divider\" data-id=\"9bf0382\" data-element_type=\"widget\" data-e-type=\"widget\" data-widget_type=\"divider.default\">\n\t\t\t\t<div class=\"elementor-widget-container\">\n\t\t\t\t\t\t\t<div class=\"elementor-divider\">\n\t\t\t<span class=\"elementor-divider-separator\">\n\t\t\t\t\t\t<\/span>\n\t\t<\/div>\n\t\t\t\t\t\t<\/div>\n\t\t\t\t<\/div>\n\t\t\t\t\t<\/div>\n\t\t\t\t<\/div>\n\t\t<div class=\"elementor-element elementor-element-036eab5 e-flex e-con-boxed e-con e-parent\" data-id=\"036eab5\" data-element_type=\"container\" data-e-type=\"container\">\n\t\t\t\t\t<div class=\"e-con-inner\">\n\t\t\t\t<div class=\"elementor-element elementor-element-5e61b2e elementor-widget-divider--view-line elementor-widget elementor-widget-divider\" data-id=\"5e61b2e\" data-element_type=\"widget\" data-e-type=\"widget\" data-widget_type=\"divider.default\">\n\t\t\t\t<div class=\"elementor-widget-container\">\n\t\t\t\t\t\t\t<div class=\"elementor-divider\">\n\t\t\t<span class=\"elementor-divider-separator\">\n\t\t\t\t\t\t<\/span>\n\t\t<\/div>\n\t\t\t\t\t\t<\/div>\n\t\t\t\t<\/div>\n\t\t\t\t\t<\/div>\n\t\t\t\t<\/div>\n\t\t\t\t<\/div>\n\t\t","protected":false},"excerpt":{"rendered":"<p>Wir sind f\u00fcr Sie da &#8211; 24 h. unsere Helferinnen sind f\u00fcrsorglich und warmherzig! Herausforderung, die uns bevorsteht. wir werden alt Mit dem \u00c4lterwerden unserer Eltern wird es immer wichtiger, sich Gedanken \u00fcber ihre Betreuung zu machen. Pl\u00f6tzlich erkennen wir, dass sie auf unsere Hilfe angewiesen sind. Doch oft stehen wir selbst vor der Herausforderung, [&hellip;]<\/p>\n","protected":false},"author":2,"featured_media":0,"parent":0,"menu_order":0,"comment_status":"closed","ping_status":"closed","template":"","meta":{"footnotes":""},"class_list":["post-52","page","type-page","status-publish","hentry"],"_links":{"self":[{"href":"https:\/\/haushaltshelfer-24.de\/index.php?rest_route=\/wp\/v2\/pages\/52","targetHints":{"allow":["GET"]}}],"collection":[{"href":"https:\/\/haushaltshelfer-24.de\/index.php?rest_route=\/wp\/v2\/pages"}],"about":[{"href":"https:\/\/haushaltshelfer-24.de\/index.php?rest_route=\/wp\/v2\/types\/page"}],"author":[{"embeddable":true,"href":"https:\/\/haushaltshelfer-24.de\/index.php?rest_route=\/wp\/v2\/users\/2"}],"replies":[{"embeddable":true,"href":"https:\/\/haushaltshelfer-24.de\/index.php?rest_route=%2Fwp%2Fv2%2Fcomments&post=52"}],"version-history":[{"count":239,"href":"https:\/\/haushaltshelfer-24.de\/index.php?rest_route=\/wp\/v2\/pages\/52\/revisions"}],"predecessor-version":[{"id":1272,"href":"https:\/\/haushaltshelfer-24.de\/index.php?rest_route=\/wp\/v2\/pages\/52\/revisions\/1272"}],"wp:attachment":[{"href":"https:\/\/haushaltshelfer-24.de\/index.php?rest_route=%2Fwp%2Fv2%2Fmedia&parent=52"}],"curies":[{"name":"wp","href":"https:\/\/api.w.org\/{rel}","templated":true}]}}