{"id":570,"date":"2025-04-25T16:15:42","date_gmt":"2025-04-25T18:15:42","guid":{"rendered":"http:\/\/haushalthilfe24.local\/?page_id=570"},"modified":"2025-05-05T05:33:36","modified_gmt":"2025-05-05T07:33:36","slug":"personal-2","status":"publish","type":"page","link":"https:\/\/haushaltshelfer-24.de\/?page_id=570","title":{"rendered":"personal"},"content":{"rendered":"\t\t<div data-elementor-type=\"wp-page\" data-elementor-id=\"570\" class=\"elementor elementor-570\">\n\t\t\t\t<div class=\"elementor-element elementor-element-8e1c257 e-flex e-con-boxed e-con e-parent\" data-id=\"8e1c257\" data-element_type=\"container\" data-e-type=\"container\">\n\t\t\t\t\t<div class=\"e-con-inner\">\n\t\t\t\t<div class=\"elementor-element elementor-element-1380dff elementor-widget elementor-widget-heading\" data-id=\"1380dff\" data-element_type=\"widget\" data-e-type=\"widget\" data-widget_type=\"heading.default\">\n\t\t\t\t<div class=\"elementor-widget-container\">\n\t\t\t\t\t<div class=\"elementor-heading-title elementor-size-default\">personal<\/div>\t\t\t\t<\/div>\n\t\t\t\t<\/div>\n\t\t\t\t\t<\/div>\n\t\t\t\t<\/div>\n\t\t<div class=\"elementor-element elementor-element-6958ab6 e-flex e-con-boxed e-con e-parent\" data-id=\"6958ab6\" data-element_type=\"container\" data-e-type=\"container\">\n\t\t\t\t\t<div class=\"e-con-inner\">\n\t\t<div class=\"elementor-element elementor-element-cc24d4c e-con-full e-flex e-con e-child\" data-id=\"cc24d4c\" data-element_type=\"container\" data-e-type=\"container\">\n\t\t\t\t<div class=\"elementor-element elementor-element-fafa4af elementor-widget__width-initial elementor-widget elementor-widget-image\" data-id=\"fafa4af\" data-element_type=\"widget\" data-e-type=\"widget\" data-widget_type=\"image.default\">\n\t\t\t\t<div class=\"elementor-widget-container\">\n\t\t\t\t\t\t\t\t\t\t\t\t\t\t\t<img fetchpriority=\"high\" decoding=\"async\" width=\"640\" height=\"640\" src=\"https:\/\/haushaltshelfer-24.de\/wp-content\/uploads\/2025\/04\/anra_17_Home_care_and_nursing_of_elderly_people_in_their_own_ho_09543b85-328c-4ba3-83d9-5d9fd2d5157e.webp\" class=\"attachment-large size-large wp-image-511\" alt=\"\" srcset=\"https:\/\/haushaltshelfer-24.de\/wp-content\/uploads\/2025\/04\/anra_17_Home_care_and_nursing_of_elderly_people_in_their_own_ho_09543b85-328c-4ba3-83d9-5d9fd2d5157e.webp 1024w, https:\/\/haushaltshelfer-24.de\/wp-content\/uploads\/2025\/04\/anra_17_Home_care_and_nursing_of_elderly_people_in_their_own_ho_09543b85-328c-4ba3-83d9-5d9fd2d5157e-300x300.webp 300w, https:\/\/haushaltshelfer-24.de\/wp-content\/uploads\/2025\/04\/anra_17_Home_care_and_nursing_of_elderly_people_in_their_own_ho_09543b85-328c-4ba3-83d9-5d9fd2d5157e-150x150.webp 150w, https:\/\/haushaltshelfer-24.de\/wp-content\/uploads\/2025\/04\/anra_17_Home_care_and_nursing_of_elderly_people_in_their_own_ho_09543b85-328c-4ba3-83d9-5d9fd2d5157e-768x768.webp 768w\" sizes=\"(max-width: 640px) 100vw, 640px\" \/>\t\t\t\t\t\t\t\t\t\t\t\t\t\t\t<\/div>\n\t\t\t\t<\/div>\n\t\t\t\t<\/div>\n\t\t<div class=\"elementor-element elementor-element-c45102c e-con-full e-flex e-con e-child\" data-id=\"c45102c\" data-element_type=\"container\" data-e-type=\"container\">\n\t\t\t\t<div class=\"elementor-element elementor-element-43e9f66 elementor-widget elementor-widget-heading\" data-id=\"43e9f66\" data-element_type=\"widget\" data-e-type=\"widget\" data-widget_type=\"heading.default\">\n\t\t\t\t<div class=\"elementor-widget-container\">\n\t\t\t\t\t<div class=\"elementor-heading-title elementor-size-default\">Das Betreuungspersonal besteht \u00fcberwiegend aus Frauen, die aus anderen EU-L\u00e4ndern oder aus der Ukraine stammen. Da ukrainische Gefl\u00fcchtete in Deutschland eine Arbeitserlaubnis erhalten, ist es m\u00f6glich, dass viele von ihnen in der h\u00e4uslichen Pflege t\u00e4tig werden.\nEs ist jedoch wichtig, keine falschen Hoffnungen zu wecken: Viele dieser Betreuungskr\u00e4fte beherrschen die deutsche Sprache nicht flie\u00dfend. Ihre Sprachkenntnisse bewegen sich in der Regel im Bereich einfacher Grundkenntnisse, vergleichbar mit dem Niveau der Zertifikate A1 bis B1. F\u00fcr einige Familien kann dieses Sprachniveau unter Umst\u00e4nden nicht ausreichend sein, insbesondere wenn eine intensive Kommunikation erforderlich ist.\nDie Kosten f\u00fcr eine Betreuungskraft liegen in der Regel zwischen 2.600 \u20ac und 3.500 \u20ac monatlich. Diese Preisgestaltung h\u00e4ngt von verschiedenen Faktoren ab, wie z.\u202fB.:\nder Anzahl der zu betreuenden Personen,\ndem jeweiligen Pflegegrad,\ndem k\u00f6rperlichen Zustand der betreuten Person (z.\u202fB. bettl\u00e4gerig oder mobil),\ndem Grad der Selbstst\u00e4ndigkeit (z.\u202fB. Kontinenz).\nDer konkrete Preis wird auf Grundlage eines Fragebogens ermittelt, den Sie im Vorfeld ausf\u00fcllen m\u00fcssen.\nDas Leben mit einer fremden Person im eigenen Haushalt stellt f\u00fcr viele \u00e4ltere Menschen eine gro\u00dfe Umstellung dar. Gewohnheiten, pers\u00f6nliche Vorstellungen und der Wunsch nach Privatsph\u00e4re spielen eine wichtige Rolle. Wenn Sie zum ersten Mal eine Betreuungskraft f\u00fcr Ihre Angeh\u00f6rigen engagieren, ist es ratsam, die erste Zeit besonders aufmerksam zu begleiten und regelm\u00e4\u00dfig zu kontrollieren, ob alles gut funktioniert.\nHilfreich ist es, f\u00fcr die Betreuungskraft einen Tagesablauf sowie einen Men\u00fcplan schriftlich festzuhalten. So wei\u00df sie, wann welche Aufgaben zu erledigen sind \u2013 etwa wann gekocht oder aufger\u00e4umt werden soll, wann Pausen erlaubt sind und wann Schlafenszeit ist.\nBitte stellen Sie sicher, dass:\nausreichend Reinigungsmittel und Lebensmittel zur Verf\u00fcgung stehen,\ndie Betreuungskraft ein separates Zimmer mit Grundausstattung (Bett, Tisch, Schrank) hat,\nein freier Zugang zu Bad und Dusche gew\u00e4hrleistet ist,\nein Internetzugang vorhanden ist, da viele Betreuungskr\u00e4fte ihre privaten Angelegenheiten (z.\u202fB. Bankgesch\u00e4fte) online erledigen m\u00fcssen.\nNicht zuletzt: Die Betreuungskraft kommt aus einem anderen Land, ist weit entfernt von ihrer Familie und oft ebenfalls belastet \u2013 genau wie die betreute Person. Ein ruhiger Ton, Respekt und eine w\u00fcrdevolle Behandlung schaffen eine angenehme Arbeitsatmosph\u00e4re, von der beide Seiten profitieren.\n<\/div>\t\t\t\t<\/div>\n\t\t\t\t<\/div>\n\t\t\t\t<\/div>\n\t\t\t\t\t<\/div>\n\t\t\t\t<\/div>\n\t\t<div class=\"elementor-element elementor-element-c5d3815 e-flex e-con-boxed e-con e-parent\" data-id=\"c5d3815\" data-element_type=\"container\" data-e-type=\"container\">\n\t\t\t\t\t<div class=\"e-con-inner\">\n\t\t\t\t<div class=\"elementor-element elementor-element-3f63484 elementor-widget-divider--view-line elementor-widget elementor-widget-divider\" data-id=\"3f63484\" data-element_type=\"widget\" data-e-type=\"widget\" data-widget_type=\"divider.default\">\n\t\t\t\t<div class=\"elementor-widget-container\">\n\t\t\t\t\t\t\t<div class=\"elementor-divider\">\n\t\t\t<span class=\"elementor-divider-separator\">\n\t\t\t\t\t\t<\/span>\n\t\t<\/div>\n\t\t\t\t\t\t<\/div>\n\t\t\t\t<\/div>\n\t\t\t\t<div class=\"elementor-element elementor-element-e224417 elementor-widget-divider--view-line elementor-widget elementor-widget-divider\" data-id=\"e224417\" data-element_type=\"widget\" data-e-type=\"widget\" data-widget_type=\"divider.default\">\n\t\t\t\t<div class=\"elementor-widget-container\">\n\t\t\t\t\t\t\t<div class=\"elementor-divider\">\n\t\t\t<span class=\"elementor-divider-separator\">\n\t\t\t\t\t\t<\/span>\n\t\t<\/div>\n\t\t\t\t\t\t<\/div>\n\t\t\t\t<\/div>\n\t\t\t\t\t<\/div>\n\t\t\t\t<\/div>\n\t\t<div class=\"elementor-element elementor-element-aaa971e e-flex e-con-boxed e-con e-parent\" data-id=\"aaa971e\" data-element_type=\"container\" data-e-type=\"container\">\n\t\t\t\t\t<div class=\"e-con-inner\">\n\t\t\t\t<div class=\"elementor-element elementor-element-c79d0ab elementor-widget-divider--view-line elementor-widget elementor-widget-divider\" data-id=\"c79d0ab\" data-element_type=\"widget\" data-e-type=\"widget\" data-widget_type=\"divider.default\">\n\t\t\t\t<div class=\"elementor-widget-container\">\n\t\t\t\t\t\t\t<div class=\"elementor-divider\">\n\t\t\t<span class=\"elementor-divider-separator\">\n\t\t\t\t\t\t<\/span>\n\t\t<\/div>\n\t\t\t\t\t\t<\/div>\n\t\t\t\t<\/div>\n\t\t\t\t<div class=\"elementor-element elementor-element-f48ce53 elementor-widget-divider--view-line elementor-widget elementor-widget-divider\" data-id=\"f48ce53\" data-element_type=\"widget\" data-e-type=\"widget\" data-widget_type=\"divider.default\">\n\t\t\t\t<div class=\"elementor-widget-container\">\n\t\t\t\t\t\t\t<div class=\"elementor-divider\">\n\t\t\t<span class=\"elementor-divider-separator\">\n\t\t\t\t\t\t<\/span>\n\t\t<\/div>\n\t\t\t\t\t\t<\/div>\n\t\t\t\t<\/div>\n\t\t\t\t\t<\/div>\n\t\t\t\t<\/div>\n\t\t<div class=\"elementor-element elementor-element-af257e7 e-flex e-con-boxed e-con e-parent\" data-id=\"af257e7\" data-element_type=\"container\" data-e-type=\"container\">\n\t\t\t\t\t<div class=\"e-con-inner\">\n\t\t\t\t<div class=\"elementor-element elementor-element-902b2ab elementor-widget-divider--view-line elementor-widget elementor-widget-divider\" data-id=\"902b2ab\" data-element_type=\"widget\" data-e-type=\"widget\" data-widget_type=\"divider.default\">\n\t\t\t\t<div class=\"elementor-widget-container\">\n\t\t\t\t\t\t\t<div class=\"elementor-divider\">\n\t\t\t<span class=\"elementor-divider-separator\">\n\t\t\t\t\t\t<\/span>\n\t\t<\/div>\n\t\t\t\t\t\t<\/div>\n\t\t\t\t<\/div>\n\t\t\t\t<div class=\"elementor-element elementor-element-58fed6c elementor-widget-divider--view-line elementor-widget elementor-widget-divider\" data-id=\"58fed6c\" data-element_type=\"widget\" data-e-type=\"widget\" data-widget_type=\"divider.default\">\n\t\t\t\t<div class=\"elementor-widget-container\">\n\t\t\t\t\t\t\t<div class=\"elementor-divider\">\n\t\t\t<span class=\"elementor-divider-separator\">\n\t\t\t\t\t\t<\/span>\n\t\t<\/div>\n\t\t\t\t\t\t<\/div>\n\t\t\t\t<\/div>\n\t\t\t\t\t<\/div>\n\t\t\t\t<\/div>\n\t\t<div class=\"elementor-element elementor-element-b5afc1a e-flex e-con-boxed e-con e-parent\" data-id=\"b5afc1a\" data-element_type=\"container\" data-e-type=\"container\">\n\t\t\t\t\t<div class=\"e-con-inner\">\n\t\t\t\t<div class=\"elementor-element elementor-element-278c375 elementor-widget-divider--view-line elementor-widget elementor-widget-divider\" data-id=\"278c375\" data-element_type=\"widget\" data-e-type=\"widget\" data-widget_type=\"divider.default\">\n\t\t\t\t<div class=\"elementor-widget-container\">\n\t\t\t\t\t\t\t<div class=\"elementor-divider\">\n\t\t\t<span class=\"elementor-divider-separator\">\n\t\t\t\t\t\t<\/span>\n\t\t<\/div>\n\t\t\t\t\t\t<\/div>\n\t\t\t\t<\/div>\n\t\t\t\t<div class=\"elementor-element elementor-element-45aa97a elementor-widget-divider--view-line elementor-widget elementor-widget-divider\" data-id=\"45aa97a\" data-element_type=\"widget\" data-e-type=\"widget\" data-widget_type=\"divider.default\">\n\t\t\t\t<div class=\"elementor-widget-container\">\n\t\t\t\t\t\t\t<div class=\"elementor-divider\">\n\t\t\t<span class=\"elementor-divider-separator\">\n\t\t\t\t\t\t<\/span>\n\t\t<\/div>\n\t\t\t\t\t\t<\/div>\n\t\t\t\t<\/div>\n\t\t\t\t\t<\/div>\n\t\t\t\t<\/div>\n\t\t\t\t<\/div>\n\t\t","protected":false},"excerpt":{"rendered":"<p>personal Das Betreuungspersonal besteht \u00fcberwiegend aus Frauen, die aus anderen EU-L\u00e4ndern oder aus der Ukraine stammen. Da ukrainische Gefl\u00fcchtete in Deutschland eine Arbeitserlaubnis erhalten, ist es m\u00f6glich, dass viele von ihnen in der h\u00e4uslichen Pflege t\u00e4tig werden. Es ist jedoch wichtig, keine falschen Hoffnungen zu wecken: Viele dieser Betreuungskr\u00e4fte beherrschen die deutsche Sprache nicht flie\u00dfend. [&hellip;]<\/p>\n","protected":false},"author":2,"featured_media":0,"parent":0,"menu_order":0,"comment_status":"closed","ping_status":"closed","template":"elementor_header_footer","meta":{"footnotes":""},"class_list":["post-570","page","type-page","status-publish","hentry"],"_links":{"self":[{"href":"https:\/\/haushaltshelfer-24.de\/index.php?rest_route=\/wp\/v2\/pages\/570","targetHints":{"allow":["GET"]}}],"collection":[{"href":"https:\/\/haushaltshelfer-24.de\/index.php?rest_route=\/wp\/v2\/pages"}],"about":[{"href":"https:\/\/haushaltshelfer-24.de\/index.php?rest_route=\/wp\/v2\/types\/page"}],"author":[{"embeddable":true,"href":"https:\/\/haushaltshelfer-24.de\/index.php?rest_route=\/wp\/v2\/users\/2"}],"replies":[{"embeddable":true,"href":"https:\/\/haushaltshelfer-24.de\/index.php?rest_route=%2Fwp%2Fv2%2Fcomments&post=570"}],"version-history":[{"count":37,"href":"https:\/\/haushaltshelfer-24.de\/index.php?rest_route=\/wp\/v2\/pages\/570\/revisions"}],"predecessor-version":[{"id":1090,"href":"https:\/\/haushaltshelfer-24.de\/index.php?rest_route=\/wp\/v2\/pages\/570\/revisions\/1090"}],"wp:attachment":[{"href":"https:\/\/haushaltshelfer-24.de\/index.php?rest_route=%2Fwp%2Fv2%2Fmedia&parent=570"}],"curies":[{"name":"wp","href":"https:\/\/api.w.org\/{rel}","templated":true}]}}