{"id":605,"date":"2025-04-26T06:53:46","date_gmt":"2025-04-26T08:53:46","guid":{"rendered":"http:\/\/haushalthilfe24.local\/?page_id=605"},"modified":"2025-05-05T05:24:04","modified_gmt":"2025-05-05T07:24:04","slug":"rdkev","status":"publish","type":"page","link":"https:\/\/haushaltshelfer-24.de\/?page_id=605","title":{"rendered":"rdkev"},"content":{"rendered":"\t\t<div data-elementor-type=\"wp-page\" data-elementor-id=\"605\" class=\"elementor elementor-605\">\n\t\t\t\t<div class=\"elementor-element elementor-element-d6661e4 e-flex e-con-boxed e-con e-parent\" data-id=\"d6661e4\" data-element_type=\"container\" data-e-type=\"container\">\n\t\t\t\t\t<div class=\"e-con-inner\">\n\t\t\t\t<div class=\"elementor-element elementor-element-3cca481 elementor-widget elementor-widget-text-editor\" data-id=\"3cca481\" data-element_type=\"widget\" data-e-type=\"widget\" data-widget_type=\"text-editor.default\">\n\t\t\t\t<div class=\"elementor-widget-container\">\n\t\t\t\t\t\t\t\t\t<p>RDK e.V.<br \/>Vorsitzender Raisov Anatol<br \/>Vereinsadresse:<br \/>St.Helena Str. 38<br \/>54294 Trier<br \/>Tel. 015140150442<\/p><p>Vereinsregister Nr: 2757<\/p><p>Der RDK e.V. ist ein gemeinn\u00fctziger Verein, der im Jahr 1994 von Raisov Anatol, einem Dipl.-Musikp\u00e4dagogen, und Raisov Ljudmila, einer Juristin, gegr\u00fcndet wurde. Die ersten Mitglieder des Vereins waren Sp\u00e4taussiedler und Kontingentfl\u00fcchtlinge aus der ehemaligen UdSSR. Das Ziel der Gr\u00fcndung war die Unterst\u00fctzung der Integration der russischsprachigen Mitb\u00fcrger im Kreis Trier-Saarburg. Zun\u00e4chst organisierten die Mitglieder mit Unterst\u00fctzung des des Nothilfe Vereins in Trier, Friedrich Karl Fey, mehrere humanit\u00e4re Konvois in die Tschernobyl-Region, was dazu f\u00fchrte, dass unser Verein allm\u00e4hlich auf regionaler Ebene bekannt wurde. Daraufhin, unter der Leitung von Vereinsvorsitzendem Raisov Anatol und Herrn Zub Boris, gab der Verein seine erste russischsprachige Zeitung heraus.<\/p><p><strong>Die Zeitung<\/strong><\/p><p>In der Redaktion arbeiteten ehrenamtlich mehrere Menschen und Vereinsmitglieder aus verschiedenen sozialen Gruppen, sowohl russischsprachige als auch einheimische. Die Zeitung erm\u00f6glichte es dem Verein, eine breite Bekanntheit unter den russischsprachigen Menschen in der Region zu erlangen.<\/p><p><strong>Das Zentrum<\/strong><\/p><p>Im Jahr 1995 er\u00f6ffneten wir unter dem Dach unseres Vereins ein Russisches Kulturzentrum in Trier, in dem wir verschiedene kulturelle Veranstaltungen wie Kunstausstellungen und Konzerte durchf\u00fchrten. In den Zentrumsr\u00e4umen fanden auch Deutsch- und Computerkurse, eine kleine Musikschule, ein \u00dcbersetzungsb\u00fcro und die Zeitungsredaktion ihren Platz. Finanzielle Unterst\u00fctzung kam von Herrn Fey, der eng mit uns zusammenarbeitete. Gleichzeitig unterst\u00fctzte uns auch der Rechtsanwalt der Kanzlei Siegfried Vormann. Herr Vormann f\u00fchrte einmal in der Woche in den Zentrumsr\u00e4umen eine Beratungsstunde f\u00fcr die russischsprachigen Mitglieder durch. Unterst\u00fctzung erhielten wir auch vom ehemaligen Trierer B\u00fcrgermeister Herrn Kreutzer Paul. Mit seiner Hilfe konnten wir Anerkennung bei der Landesregierung und dem Europ\u00e4ischen Sozialfonds gewinnen und eine von der EU finanzierte Bildungsma\u00dfnahme organisieren.<\/p><p><strong>Werkatatt<\/strong><\/p><p>Die Einrichtung einer K\u00fcnstlerwerkstatt erm\u00f6glichte uns einen kulturellen Beitrag zum \u00f6ffentlichen Leben der \u00e4ltesten Stadt Deutschlands, Trier, zu leisten. In mehreren Bezirken stehen bis heute von unseren K\u00fcnstlern entwickelte Technologien gefertigte Kunstwerke (Ortstafel).<\/p><p><strong>Computerschule &amp; Musikschule<\/strong><\/p><p>Im Jahr 2006 f\u00fchrten wir in mehreren Grundschulen der Region Trier und des Saarlandes Computerkurse f\u00fcr Kinder ab 6 Jahren nach unserer entwickelten Methodik durch. Zu unseren Aktivit\u00e4ten in den Grundschulen z\u00e4hlt auch das Angebot der musikalischen Fr\u00fcherziehung.<\/p><p><strong>Humanit\u00e4re T\u00e4tigkeit<\/strong><\/p><p>Derzeit ist der Verein auch aktiv im Bereich der Integration ukrainischer Fl\u00fcchtlinge in Deutschland t\u00e4tig. Wir helfen bei Beh\u00f6rdeng\u00e4ngen, Arztterminen, Antragsstellungen, Kinderanmeldungen in Kitas und Schulen sowie bei der \u00dcbersetzung amtlicher Dokumente, Arbeitssuche.<\/p>\t\t\t\t\t\t\t\t<\/div>\n\t\t\t\t<\/div>\n\t\t\t\t\t<\/div>\n\t\t\t\t<\/div>\n\t\t<div class=\"elementor-element elementor-element-b4366f0 e-flex e-con-boxed e-con e-parent\" data-id=\"b4366f0\" data-element_type=\"container\" data-e-type=\"container\">\n\t\t\t\t\t<div class=\"e-con-inner\">\n\t\t\t\t<div class=\"elementor-element elementor-element-bbc6368 elementor-widget-divider--view-line elementor-widget elementor-widget-divider\" data-id=\"bbc6368\" data-element_type=\"widget\" data-e-type=\"widget\" data-widget_type=\"divider.default\">\n\t\t\t\t<div class=\"elementor-widget-container\">\n\t\t\t\t\t\t\t<div class=\"elementor-divider\">\n\t\t\t<span class=\"elementor-divider-separator\">\n\t\t\t\t\t\t<\/span>\n\t\t<\/div>\n\t\t\t\t\t\t<\/div>\n\t\t\t\t<\/div>\n\t\t\t\t<div class=\"elementor-element elementor-element-15acdfe elementor-widget-divider--view-line elementor-widget elementor-widget-divider\" data-id=\"15acdfe\" data-element_type=\"widget\" data-e-type=\"widget\" data-widget_type=\"divider.default\">\n\t\t\t\t<div class=\"elementor-widget-container\">\n\t\t\t\t\t\t\t<div class=\"elementor-divider\">\n\t\t\t<span class=\"elementor-divider-separator\">\n\t\t\t\t\t\t<\/span>\n\t\t<\/div>\n\t\t\t\t\t\t<\/div>\n\t\t\t\t<\/div>\n\t\t\t\t\t<\/div>\n\t\t\t\t<\/div>\n\t\t<div class=\"elementor-element elementor-element-352dd3b e-flex e-con-boxed e-con e-parent\" data-id=\"352dd3b\" data-element_type=\"container\" data-e-type=\"container\">\n\t\t\t\t\t<div class=\"e-con-inner\">\n\t\t\t\t<div class=\"elementor-element elementor-element-ddc7a01 elementor-widget-divider--view-line elementor-widget elementor-widget-divider\" data-id=\"ddc7a01\" data-element_type=\"widget\" data-e-type=\"widget\" data-widget_type=\"divider.default\">\n\t\t\t\t<div class=\"elementor-widget-container\">\n\t\t\t\t\t\t\t<div class=\"elementor-divider\">\n\t\t\t<span class=\"elementor-divider-separator\">\n\t\t\t\t\t\t<\/span>\n\t\t<\/div>\n\t\t\t\t\t\t<\/div>\n\t\t\t\t<\/div>\n\t\t\t\t<div class=\"elementor-element elementor-element-1374f5f elementor-widget-divider--view-line elementor-widget elementor-widget-divider\" data-id=\"1374f5f\" data-element_type=\"widget\" data-e-type=\"widget\" data-widget_type=\"divider.default\">\n\t\t\t\t<div class=\"elementor-widget-container\">\n\t\t\t\t\t\t\t<div class=\"elementor-divider\">\n\t\t\t<span class=\"elementor-divider-separator\">\n\t\t\t\t\t\t<\/span>\n\t\t<\/div>\n\t\t\t\t\t\t<\/div>\n\t\t\t\t<\/div>\n\t\t\t\t\t<\/div>\n\t\t\t\t<\/div>\n\t\t<div class=\"elementor-element elementor-element-d83cd99 e-flex e-con-boxed e-con e-parent\" data-id=\"d83cd99\" data-element_type=\"container\" data-e-type=\"container\">\n\t\t\t\t\t<div class=\"e-con-inner\">\n\t\t\t\t<div class=\"elementor-element elementor-element-33dfc7d elementor-widget-divider--view-line elementor-widget elementor-widget-divider\" data-id=\"33dfc7d\" data-element_type=\"widget\" data-e-type=\"widget\" data-widget_type=\"divider.default\">\n\t\t\t\t<div class=\"elementor-widget-container\">\n\t\t\t\t\t\t\t<div class=\"elementor-divider\">\n\t\t\t<span class=\"elementor-divider-separator\">\n\t\t\t\t\t\t<\/span>\n\t\t<\/div>\n\t\t\t\t\t\t<\/div>\n\t\t\t\t<\/div>\n\t\t\t\t<div class=\"elementor-element elementor-element-17c72bf elementor-widget-divider--view-line elementor-widget elementor-widget-divider\" data-id=\"17c72bf\" data-element_type=\"widget\" data-e-type=\"widget\" data-widget_type=\"divider.default\">\n\t\t\t\t<div class=\"elementor-widget-container\">\n\t\t\t\t\t\t\t<div class=\"elementor-divider\">\n\t\t\t<span class=\"elementor-divider-separator\">\n\t\t\t\t\t\t<\/span>\n\t\t<\/div>\n\t\t\t\t\t\t<\/div>\n\t\t\t\t<\/div>\n\t\t\t\t\t<\/div>\n\t\t\t\t<\/div>\n\t\t<div class=\"elementor-element elementor-element-1e8ba13 e-flex e-con-boxed e-con e-parent\" data-id=\"1e8ba13\" data-element_type=\"container\" data-e-type=\"container\">\n\t\t\t\t\t<div class=\"e-con-inner\">\n\t\t\t\t<div class=\"elementor-element elementor-element-e7c3b2d elementor-widget-divider--view-line elementor-widget elementor-widget-divider\" data-id=\"e7c3b2d\" data-element_type=\"widget\" data-e-type=\"widget\" data-widget_type=\"divider.default\">\n\t\t\t\t<div class=\"elementor-widget-container\">\n\t\t\t\t\t\t\t<div class=\"elementor-divider\">\n\t\t\t<span class=\"elementor-divider-separator\">\n\t\t\t\t\t\t<\/span>\n\t\t<\/div>\n\t\t\t\t\t\t<\/div>\n\t\t\t\t<\/div>\n\t\t\t\t<div class=\"elementor-element elementor-element-04421bf elementor-widget-divider--view-line elementor-widget elementor-widget-divider\" data-id=\"04421bf\" data-element_type=\"widget\" data-e-type=\"widget\" data-widget_type=\"divider.default\">\n\t\t\t\t<div class=\"elementor-widget-container\">\n\t\t\t\t\t\t\t<div class=\"elementor-divider\">\n\t\t\t<span class=\"elementor-divider-separator\">\n\t\t\t\t\t\t<\/span>\n\t\t<\/div>\n\t\t\t\t\t\t<\/div>\n\t\t\t\t<\/div>\n\t\t\t\t\t<\/div>\n\t\t\t\t<\/div>\n\t\t<div class=\"elementor-element elementor-element-fbf37ab e-flex e-con-boxed e-con e-parent\" data-id=\"fbf37ab\" data-element_type=\"container\" data-e-type=\"container\">\n\t\t\t\t\t<div class=\"e-con-inner\">\n\t\t\t\t<div class=\"elementor-element elementor-element-0f6884a elementor-widget-divider--view-line elementor-widget elementor-widget-divider\" data-id=\"0f6884a\" data-element_type=\"widget\" data-e-type=\"widget\" data-widget_type=\"divider.default\">\n\t\t\t\t<div class=\"elementor-widget-container\">\n\t\t\t\t\t\t\t<div class=\"elementor-divider\">\n\t\t\t<span class=\"elementor-divider-separator\">\n\t\t\t\t\t\t<\/span>\n\t\t<\/div>\n\t\t\t\t\t\t<\/div>\n\t\t\t\t<\/div>\n\t\t\t\t<div class=\"elementor-element elementor-element-d46ca24 elementor-widget-divider--view-line elementor-widget elementor-widget-divider\" data-id=\"d46ca24\" data-element_type=\"widget\" data-e-type=\"widget\" data-widget_type=\"divider.default\">\n\t\t\t\t<div class=\"elementor-widget-container\">\n\t\t\t\t\t\t\t<div class=\"elementor-divider\">\n\t\t\t<span class=\"elementor-divider-separator\">\n\t\t\t\t\t\t<\/span>\n\t\t<\/div>\n\t\t\t\t\t\t<\/div>\n\t\t\t\t<\/div>\n\t\t\t\t\t<\/div>\n\t\t\t\t<\/div>\n\t\t\t\t<\/div>\n\t\t","protected":false},"excerpt":{"rendered":"<p>RDK e.V.Vorsitzender Raisov AnatolVereinsadresse:St.Helena Str. 3854294 TrierTel. 015140150442 Vereinsregister Nr: 2757 Der RDK e.V. ist ein gemeinn\u00fctziger Verein, der im Jahr 1994 von Raisov Anatol, einem Dipl.-Musikp\u00e4dagogen, und Raisov Ljudmila, einer Juristin, gegr\u00fcndet wurde. Die ersten Mitglieder des Vereins waren Sp\u00e4taussiedler und Kontingentfl\u00fcchtlinge aus der ehemaligen UdSSR. Das Ziel der Gr\u00fcndung war die Unterst\u00fctzung der [&hellip;]<\/p>\n","protected":false},"author":2,"featured_media":0,"parent":0,"menu_order":0,"comment_status":"closed","ping_status":"closed","template":"elementor_header_footer","meta":{"footnotes":""},"class_list":["post-605","page","type-page","status-publish","hentry"],"_links":{"self":[{"href":"https:\/\/haushaltshelfer-24.de\/index.php?rest_route=\/wp\/v2\/pages\/605","targetHints":{"allow":["GET"]}}],"collection":[{"href":"https:\/\/haushaltshelfer-24.de\/index.php?rest_route=\/wp\/v2\/pages"}],"about":[{"href":"https:\/\/haushaltshelfer-24.de\/index.php?rest_route=\/wp\/v2\/types\/page"}],"author":[{"embeddable":true,"href":"https:\/\/haushaltshelfer-24.de\/index.php?rest_route=\/wp\/v2\/users\/2"}],"replies":[{"embeddable":true,"href":"https:\/\/haushaltshelfer-24.de\/index.php?rest_route=%2Fwp%2Fv2%2Fcomments&post=605"}],"version-history":[{"count":31,"href":"https:\/\/haushaltshelfer-24.de\/index.php?rest_route=\/wp\/v2\/pages\/605\/revisions"}],"predecessor-version":[{"id":1057,"href":"https:\/\/haushaltshelfer-24.de\/index.php?rest_route=\/wp\/v2\/pages\/605\/revisions\/1057"}],"wp:attachment":[{"href":"https:\/\/haushaltshelfer-24.de\/index.php?rest_route=%2Fwp%2Fv2%2Fmedia&parent=605"}],"curies":[{"name":"wp","href":"https:\/\/api.w.org\/{rel}","templated":true}]}}