{"id":643,"date":"2025-04-29T07:39:09","date_gmt":"2025-04-29T09:39:09","guid":{"rendered":"http:\/\/haushalthilfe24.local\/?page_id=643"},"modified":"2025-07-20T09:19:55","modified_gmt":"2025-07-20T11:19:55","slug":"daten","status":"publish","type":"page","link":"https:\/\/haushaltshelfer-24.de\/?page_id=643","title":{"rendered":"daten"},"content":{"rendered":"\t\t<div data-elementor-type=\"wp-page\" data-elementor-id=\"643\" class=\"elementor elementor-643\">\n\t\t\t\t<div class=\"elementor-element elementor-element-0cc26f7 e-flex e-con-boxed e-con e-parent\" data-id=\"0cc26f7\" data-element_type=\"container\" data-e-type=\"container\">\n\t\t\t\t\t<div class=\"e-con-inner\">\n\t\t\t\t<div class=\"elementor-element elementor-element-faab044 elementor-widget elementor-widget-text-editor\" data-id=\"faab044\" data-element_type=\"widget\" data-e-type=\"widget\" data-widget_type=\"text-editor.default\">\n\t\t\t\t<div class=\"elementor-widget-container\">\n\t\t\t\t\t\t\t\t\t<p><strong>Datenschutzerkl\u00e4rung<\/strong><\/p><p>Allgemeiner Hinweis und Pflichtinformationen Benennung der verantwortlichen Stelle Die verantwortliche Stelle f\u00fcr die Datenverarbeitung auf dieser Website ist:<br \/>RDK e.V.<br \/>Vorsitzender Raisov Anatol<br \/>Vereinsadresse:<br \/>St.Helena Str. 38<br \/>54294 Trier<br \/>Die verantwortliche Stelle entscheidet allein oder gemeinsam mit anderen \u00fcber die Zwecke und Mittel der Verarbeitung von personenbezogenen Daten (z.B. Namen, Kontaktdaten o. \u00c4.). Widerruf Ihrer Einwilligung zur Datenverarbeitung Nur mit Ihrer ausdr\u00fccklichen Einwilligung sind einige Vorg\u00e4nge der Datenverarbeitung m\u00f6glich. Ein Widerruf Ihrer bereits erteilten Einwilligung ist jederzeit m\u00f6glich. F\u00fcr den Widerruf gen\u00fcgt eine formlose Mitteilung per E-Mail. Die Rechtm\u00e4\u00dfigkeit der bis zum Widerruf erfolgten Datenverarbeitung bleibt vom Widerruf unber\u00fchrt. Recht auf Beschwerde bei der zust\u00e4ndigen Aufsichtsbeh\u00f6rde.<br \/>Recht auf Daten\u00fcbertragbarkeit<\/p><p>Ihnen steht das Recht zu, Daten, die wir auf Grundlage Ihrer Einwilligung oder in Erf\u00fcllung eines Vertrags automatisiert verarbeiten, an sich oder an Dritte aush\u00e4ndigen zu lassen. Die Bereitstellung erfolgt in einem maschinenlesbaren Format. Sofern Sie die direkte \u00dcbertragung der Daten an einen anderen Verantwortlichen verlangen, erfolgt dies nur, soweit es technisch machbar ist. Recht auf Auskunft, Berichtigung, Sperrung, L\u00f6schung Sie haben jederzeit im Rahmen der geltenden gesetzlichen Bestimmungen das Recht auf unentgeltliche Auskunft \u00fcber Ihre gespeicherten personenbezogenen Daten, Herkunft der Daten, deren Empf\u00e4nger und den Zweck der Datenverarbeitung und ggf. ein Recht auf Berichtigung, Sperrung oder L\u00f6schung dieser Daten. Diesbez\u00fcglich und auch zu weiteren Fragen zum Thema personenbezogene Daten k\u00f6nnen Sie sich jederzeit \u00fcber die im Impressum aufgef\u00fchrten Kontaktm\u00f6glichkeiten an uns wenden.<\/p><p>SSL- bzw. TLS-Verschl\u00fcsselung<\/p><p>Aus Sicherheitsgr\u00fcnden und zum Schutz der \u00dcbertragung vertraulicher Inhalte, die Sie an uns als Seitenbetreiber senden, nutzt unsere Website eine SSL-bzw. TLS-Verschl\u00fcsselung. Damit sind Daten, die Sie \u00fcber diese Website \u00fcbermitteln, f\u00fcr Dritte nicht mitlesbar. Sie erkennen eine verschl\u00fcsselte Verbindung an der \u201ehttps:\/\/\u201c Adresszeile Ihres Browsers und am Schloss-Symbol in der Browserzeile.<\/p><p>Registrierung auf dieser Website<\/p><p>Zur Nutzung bestimmter Funktionen k\u00f6nnen Sie sich auf unserer Website registrieren. Die \u00fcbermittelten Daten dienen ausschlie\u00dflich zum Zwecke der Nutzung des jeweiligen Angebotes oder Dienstes. Bei der Registrierung abgefragte Pflichtangaben sind vollst\u00e4ndig anzugeben. Andernfalls werden wir die Registrierung ablehnen. Im Falle wichtiger \u00c4nderungen, etwa aus technischen Gr\u00fcnden, informieren wir Sie per E-Mail. Die E-Mail wird an die Adresse versendet, die bei der Registrierung angegeben wurde. Die Verarbeitung der bei der Registrierung eingegebenen Daten erfolgt auf Grundlage Ihrer Einwilligung (Art. 6 Abs. 1 lit. a DSGVO). Ein Widerruf Ihrer bereits erteilten Einwilligung ist jederzeit m\u00f6glich. F\u00fcr den Widerruf gen\u00fcgt eine formlose Mitteilung per E-Mail. Die Rechtm\u00e4\u00dfigkeit der bereits erfolgten Datenverarbeitung bleibt vom Widerruf unber\u00fchrt. Wir speichern die bei der Registrierung erfassten Daten w\u00e4hrend des Zeitraums, den Sie auf unserer Website registriert sind. Ihren Daten werden gel\u00f6scht, sollten Sie Ihre Registrierung aufheben. Gesetzliche Aufbewahrungsfristen bleiben unber\u00fchrt.<\/p><p>Kontaktformular<\/p><p>Per Kontaktformular \u00fcbermittelte Daten werden einschlie\u00dflich Ihrer Kontaktdaten gespeichert, um Ihre Anfrage bearbeiten zu k\u00f6nnen oder um f\u00fcr Anschlussfragen bereitzustehen. Eine Weitergabe dieser Daten findet ohne Ihre Einwilligung nicht statt. Die Verarbeitung der in das Kontaktformular eingegebenen Daten erfolgt ausschlie\u00dflich auf Grundlage Ihrer Einwilligung (Art. 6 Abs. 1 lit. a DSGVO). Ein Widerruf Ihrer bereits erteilten Einwilligung ist jederzeit m\u00f6glich. F\u00fcr den Widerruf gen\u00fcgt eine formlose Mitteilung per E-Mail. Die Rechtm\u00e4\u00dfigkeit der bis zum Widerruf erfolgten Datenverarbeitungsvorg\u00e4nge bleibt vom Widerruf unber\u00fchrt. \u00dcber das Kontaktformular \u00fcbermittelte Daten verbleiben bei uns, bis Sie uns zur L\u00f6schung auffordern, Ihre Einwilligung zur Speicherung widerrufen oder keine Notwendigkeit der Datenspeicherung mehr besteht. Zwingende gesetzliche Bestimmungen &#8211; insbesondere Aufbewahrungsfristen &#8211; bleiben unber\u00fchrt.<\/p><p>YouTube Videos<\/p><p>Art und Umfang der Verarbeitung Wir haben auf unserer Website YouTube Video integriert. YouTube Video ist eine Komponente der Videoplattform der YouTube, LLC, auf der Nutzer Inhalte hochladen, \u00fcber das Internet teilen und detaillierte Statistiken erhalten k\u00f6nnen. YouTube Video erm\u00f6glicht es uns, Inhalte der Plattform in unsere Website zu integrieren. YouTube Video nutzt Cookies und weitere Browser-Technologien um Nutzerverhalten auszuwerten, Nutzer wiederzuerkennen und Nutzerprofile zu erstellen. Diese Informationen werden unter anderem genutzt, um die Aktivit\u00e4t der angeh\u00f6rten Inhalte zu analysieren und Berichte zu erstellen. Wenn ein Nutzer bei YouTube, LLC registriert ist, kann YouTube Video die abgespielten Videos dem Profil zuordnen. Wenn Sie auf diese Inhalte zugreifen, stellen Sie eine Verbindung zu Servern der YouTube, LLC, Google Ireland Limited, Gordon House, Barrow Street Dublin 4 Irland her, wobei Ihre IP-Adresse und ggf. Browserdaten wie Ihr User-Agent \u00fcbermittelt werden.<\/p><p>Zweck und Rechtsgrundlage<\/p><p>Die Nutzung des Dienstes erfolgt auf Grundlage Ihrer Einwilligung gem\u00e4\u00df Art. 6 Abs. 1 lit. a. DSGVO und \u00a7 25 Abs. 1 TTDSG. Wir beabsichtigen personenbezogenen Daten an Drittl\u00e4nder au\u00dferhalb des Europ\u00e4ischen Wirtschaftsraums, insbesondere die USA, zu \u00fcbermitteln. In F\u00e4llen, in denen kein Angemessenheitsbeschluss der Europ\u00e4ischen Kommission existiert (z.B. in den USA) haben wir mit den Empf\u00e4ngern der Daten anderweitige geeignete Garantien im Sinne der Art. 44 ff. DSGVO vereinbart. Dies sind \u2013 sofern nicht anders angegeben \u2013 Standardvertragsklauseln der EU-Kommission gem\u00e4\u00df Durchf\u00fchrungsbeschluss (EU) 2021\/914 vom 4. Juni 2021. Eine Kopie dieser Standardvertragsklauseln k\u00f6nnen Sie unter\u00a0https:\/\/eur-lex.europa.eu\/legal-content\/DE\/TXT\/HTML\/?uri=CELEX:32021D0914&amp;from=DE\u00a0einsehen. Zudem holen wir vor einem solchen Drittlandtransfer Ihre Einwilligung nach Art. 49 Abs. 1 Satz 1 lit. a. DSGVO ein, die Sie \u00fcber die Einwilligung im Consent Manager (oder sonstigen Formularen, Registrierungen etc.) erteilen. Wir weisen Sie darauf hin, dass bei Drittland\u00fcbermittlungen im Detail unbekannte Risiken (z.B. die Datenverarbeitung durch Sicherheitsbeh\u00f6rden des Drittlandes, deren genauer Umfang und deren Folgen f\u00fcr Sie wir nicht kennen, auf die wir keinen Einfluss haben und von denen Sie unter Umst\u00e4nden keine Kenntnis erlangen) bestehen k\u00f6nnen.<\/p><p>Speicherdauer<\/p><p>Die konkrete Speicherdauer der verarbeiteten Daten ist nicht durch uns beeinflussbar, sondern wird von YouTube, LLC bestimmt. Weitere Hinweise finden Sie in der Datenschutzerkl\u00e4rung f\u00fcr YouTube Video:\u00a0https:\/\/policies.google.com\/privacy.<\/p><p>PayPal<\/p><p>Unsere Website erm\u00f6glicht die Bezahlung via PayPal. Anbieter des Bezahldienstes ist die PayPal (Europe) S.\u00e0.r.l. et Cie, S.C.A., 22-24 Boulevard Royal, L-2449 Luxembourg. Wenn Sie mit PayPal bezahlen, erfolgt eine \u00dcbermittlung der von Ihnen eingegebenen Zahlungsdaten an PayPal. Die \u00dcbermittlung Ihrer Daten an PayPal erfolgt auf Grundlage von Art. 6 Abs. 1 lit. a DSGVO (Einwilligung) und Art. 6 Abs. 1 lit. b DSGVO (Verarbeitung zur Erf\u00fcllung eines Vertrags). Ein Widerruf Ihrer bereits erteilten Einwilligung ist jederzeit m\u00f6glich. In der Vergangenheit liegende Datenverarbeitungsvorg\u00e4nge bleiben bei einem Widerruf wirksam.<\/p><p>Sofort\u00fcberweisung<\/p><p>Unsere Website erm\u00f6glicht die Bezahlung via \u201cSofort\u00fcberweisung.\u201d Anbieter des Bezahldienstes ist die Sofort GmbH, Theresienh\u00f6he 12, 80339 M\u00fcnchen. Mit Hilfe des Verfahrens \u201cSofort\u00fcberweisung\u201d erhalten wir in Echtzeit eine Zahlungsbest\u00e4tigung von der Sofort GmbH und k\u00f6nnen unverz\u00fcglich mit der Erf\u00fcllung unserer Verbindlichkeiten beginnen. Beim Bezahlen per \u201cSofort\u00fcberweisung\u201d erfolgt eine \u00dcbermittlung Ihrer PIN und TAN an die Sofort GmbH. Der Bezahlanbieter loggt sich damit in Ihr Online-Banking-Konto ein, \u00fcberpr\u00fcft automatisch Ihren Kontostand und nimmt die \u00dcberweisung vor. Es folgt eine unverz\u00fcgliche Transaktionsbest\u00e4tigung. Ihre Ums\u00e4tze, der Kreditrahmen Ihres Dispokredits und die Existenz anderer Konten sowie deren Best\u00e4nde werden nach dem Einloggen ebenfalls automatisiert gepr\u00fcft. Neben PIN und TAN umfasst die \u00dcbermittlung an die Sofort GmbH au\u00dferdem Zahlungsdaten sowie Daten zu Ihrer Person. Die Daten zu Ihrer Person umfassen Vor- und Nachname, Adresse, Telefonnummer(n), Email-Adresse, IP-Adresse und ggf. weitere f\u00fcr die Zahlungsabwicklung notwendige Daten. Es besteht eine Notwendigkeit dieser Daten\u00fcbermittlung, um Ihre Identit\u00e4t zweifelsfrei festzustellen und Betrugsversuchen vorzubeugen. Die \u00dcbermittlung Ihrer Daten an die Sofort GmbH erfolgt auf Grundlage von Art. 6 Abs. 1 lit. a DSGVO (Einwilligung) und Art. 6 Abs. 1 lit. b DSGVO (Verarbeitung zur Erf\u00fcllung eines Vertrags). Ein Widerruf Ihrer bereits erteilten Einwilligung ist jederzeit m\u00f6glich. In der Vergangenheit liegende Datenverarbeitungsvorg\u00e4nge bleiben bei einem Widerruf wirksam. Einzelheiten zur Zahlung mit Sofort\u00fcberweisung finden Sie unter:\u00a0https:\/\/www.sofort.de\/datenschutz.html\u00a0und\u00a0https:\/\/www.klarna.com\/sofort\/.<\/p><p>Quelle: Datenschutz-Konfigurator von\u00a0Mein-Datenschutzbeauftragter.de<\/p>\t\t\t\t\t\t\t\t<\/div>\n\t\t\t\t<\/div>\n\t\t\t\t\t<\/div>\n\t\t\t\t<\/div>\n\t\t<div class=\"elementor-element elementor-element-601dcf4 e-flex e-con-boxed e-con e-parent\" data-id=\"601dcf4\" data-element_type=\"container\" data-e-type=\"container\">\n\t\t\t\t\t<div class=\"e-con-inner\">\n\t\t\t\t<div class=\"elementor-element elementor-element-e5f5145 elementor-widget-divider--view-line elementor-widget elementor-widget-divider\" data-id=\"e5f5145\" data-element_type=\"widget\" data-e-type=\"widget\" data-widget_type=\"divider.default\">\n\t\t\t\t<div class=\"elementor-widget-container\">\n\t\t\t\t\t\t\t<div class=\"elementor-divider\">\n\t\t\t<span class=\"elementor-divider-separator\">\n\t\t\t\t\t\t<\/span>\n\t\t<\/div>\n\t\t\t\t\t\t<\/div>\n\t\t\t\t<\/div>\n\t\t\t\t\t<\/div>\n\t\t\t\t<\/div>\n\t\t<div class=\"elementor-element elementor-element-e71a771 e-flex e-con-boxed e-con e-parent\" data-id=\"e71a771\" data-element_type=\"container\" data-e-type=\"container\">\n\t\t\t\t\t<div class=\"e-con-inner\">\n\t\t\t\t<div class=\"elementor-element elementor-element-9bf53d4 elementor-widget-divider--view-line elementor-widget elementor-widget-divider\" data-id=\"9bf53d4\" data-element_type=\"widget\" data-e-type=\"widget\" data-widget_type=\"divider.default\">\n\t\t\t\t<div class=\"elementor-widget-container\">\n\t\t\t\t\t\t\t<div class=\"elementor-divider\">\n\t\t\t<span class=\"elementor-divider-separator\">\n\t\t\t\t\t\t<\/span>\n\t\t<\/div>\n\t\t\t\t\t\t<\/div>\n\t\t\t\t<\/div>\n\t\t\t\t\t<\/div>\n\t\t\t\t<\/div>\n\t\t<div class=\"elementor-element elementor-element-dedff81 e-flex e-con-boxed e-con e-parent\" data-id=\"dedff81\" data-element_type=\"container\" data-e-type=\"container\">\n\t\t\t\t\t<div class=\"e-con-inner\">\n\t\t\t\t<div class=\"elementor-element elementor-element-95d2220 elementor-widget-divider--view-line elementor-widget elementor-widget-divider\" data-id=\"95d2220\" data-element_type=\"widget\" data-e-type=\"widget\" data-widget_type=\"divider.default\">\n\t\t\t\t<div class=\"elementor-widget-container\">\n\t\t\t\t\t\t\t<div class=\"elementor-divider\">\n\t\t\t<span class=\"elementor-divider-separator\">\n\t\t\t\t\t\t<\/span>\n\t\t<\/div>\n\t\t\t\t\t\t<\/div>\n\t\t\t\t<\/div>\n\t\t\t\t\t<\/div>\n\t\t\t\t<\/div>\n\t\t<div class=\"elementor-element elementor-element-2f99a21 e-flex e-con-boxed e-con e-parent\" data-id=\"2f99a21\" data-element_type=\"container\" data-e-type=\"container\">\n\t\t\t\t\t<div class=\"e-con-inner\">\n\t\t\t\t<div class=\"elementor-element elementor-element-92c1d41 elementor-widget-divider--view-line elementor-widget elementor-widget-divider\" data-id=\"92c1d41\" data-element_type=\"widget\" data-e-type=\"widget\" data-widget_type=\"divider.default\">\n\t\t\t\t<div class=\"elementor-widget-container\">\n\t\t\t\t\t\t\t<div class=\"elementor-divider\">\n\t\t\t<span class=\"elementor-divider-separator\">\n\t\t\t\t\t\t<\/span>\n\t\t<\/div>\n\t\t\t\t\t\t<\/div>\n\t\t\t\t<\/div>\n\t\t\t\t\t<\/div>\n\t\t\t\t<\/div>\n\t\t<div class=\"elementor-element elementor-element-decc715 e-flex e-con-boxed e-con e-parent\" data-id=\"decc715\" data-element_type=\"container\" data-e-type=\"container\">\n\t\t\t\t\t<div class=\"e-con-inner\">\n\t\t\t\t<div class=\"elementor-element elementor-element-a4e9893 elementor-widget-divider--view-line elementor-widget elementor-widget-divider\" data-id=\"a4e9893\" data-element_type=\"widget\" data-e-type=\"widget\" data-widget_type=\"divider.default\">\n\t\t\t\t<div class=\"elementor-widget-container\">\n\t\t\t\t\t\t\t<div class=\"elementor-divider\">\n\t\t\t<span class=\"elementor-divider-separator\">\n\t\t\t\t\t\t<\/span>\n\t\t<\/div>\n\t\t\t\t\t\t<\/div>\n\t\t\t\t<\/div>\n\t\t\t\t\t<\/div>\n\t\t\t\t<\/div>\n\t\t<div class=\"elementor-element elementor-element-f1c9ab2 e-flex e-con-boxed e-con e-parent\" data-id=\"f1c9ab2\" data-element_type=\"container\" data-e-type=\"container\">\n\t\t\t\t\t<div class=\"e-con-inner\">\n\t\t\t\t<div class=\"elementor-element elementor-element-daccfdb elementor-widget-divider--view-line elementor-widget elementor-widget-divider\" data-id=\"daccfdb\" data-element_type=\"widget\" data-e-type=\"widget\" data-widget_type=\"divider.default\">\n\t\t\t\t<div class=\"elementor-widget-container\">\n\t\t\t\t\t\t\t<div class=\"elementor-divider\">\n\t\t\t<span class=\"elementor-divider-separator\">\n\t\t\t\t\t\t<\/span>\n\t\t<\/div>\n\t\t\t\t\t\t<\/div>\n\t\t\t\t<\/div>\n\t\t\t\t\t<\/div>\n\t\t\t\t<\/div>\n\t\t<div class=\"elementor-element elementor-element-3000e06 e-flex e-con-boxed e-con e-parent\" data-id=\"3000e06\" data-element_type=\"container\" data-e-type=\"container\">\n\t\t\t\t\t<div class=\"e-con-inner\">\n\t\t\t\t<div class=\"elementor-element elementor-element-6abe3b6 elementor-widget-divider--view-line elementor-widget elementor-widget-divider\" data-id=\"6abe3b6\" data-element_type=\"widget\" data-e-type=\"widget\" data-widget_type=\"divider.default\">\n\t\t\t\t<div class=\"elementor-widget-container\">\n\t\t\t\t\t\t\t<div class=\"elementor-divider\">\n\t\t\t<span class=\"elementor-divider-separator\">\n\t\t\t\t\t\t<\/span>\n\t\t<\/div>\n\t\t\t\t\t\t<\/div>\n\t\t\t\t<\/div>\n\t\t\t\t\t<\/div>\n\t\t\t\t<\/div>\n\t\t<div class=\"elementor-element elementor-element-ac4e8fd e-flex e-con-boxed e-con e-parent\" data-id=\"ac4e8fd\" data-element_type=\"container\" data-e-type=\"container\">\n\t\t\t\t\t<div class=\"e-con-inner\">\n\t\t\t\t<div class=\"elementor-element elementor-element-ad8e88c elementor-widget-divider--view-line elementor-widget elementor-widget-divider\" data-id=\"ad8e88c\" data-element_type=\"widget\" data-e-type=\"widget\" data-widget_type=\"divider.default\">\n\t\t\t\t<div class=\"elementor-widget-container\">\n\t\t\t\t\t\t\t<div class=\"elementor-divider\">\n\t\t\t<span class=\"elementor-divider-separator\">\n\t\t\t\t\t\t<\/span>\n\t\t<\/div>\n\t\t\t\t\t\t<\/div>\n\t\t\t\t<\/div>\n\t\t\t\t\t<\/div>\n\t\t\t\t<\/div>\n\t\t\t\t<\/div>\n\t\t","protected":false},"excerpt":{"rendered":"<p>Datenschutzerkl\u00e4rung Allgemeiner Hinweis und Pflichtinformationen Benennung der verantwortlichen Stelle Die verantwortliche Stelle f\u00fcr die Datenverarbeitung auf dieser Website ist:RDK e.V.Vorsitzender Raisov AnatolVereinsadresse:St.Helena Str. 3854294 TrierDie verantwortliche Stelle entscheidet allein oder gemeinsam mit anderen \u00fcber die Zwecke und Mittel der Verarbeitung von personenbezogenen Daten (z.B. Namen, Kontaktdaten o. \u00c4.). Widerruf Ihrer Einwilligung zur Datenverarbeitung Nur mit [&hellip;]<\/p>\n","protected":false},"author":2,"featured_media":0,"parent":0,"menu_order":0,"comment_status":"closed","ping_status":"closed","template":"elementor_header_footer","meta":{"footnotes":""},"class_list":["post-643","page","type-page","status-publish","hentry"],"_links":{"self":[{"href":"https:\/\/haushaltshelfer-24.de\/index.php?rest_route=\/wp\/v2\/pages\/643","targetHints":{"allow":["GET"]}}],"collection":[{"href":"https:\/\/haushaltshelfer-24.de\/index.php?rest_route=\/wp\/v2\/pages"}],"about":[{"href":"https:\/\/haushaltshelfer-24.de\/index.php?rest_route=\/wp\/v2\/types\/page"}],"author":[{"embeddable":true,"href":"https:\/\/haushaltshelfer-24.de\/index.php?rest_route=\/wp\/v2\/users\/2"}],"replies":[{"embeddable":true,"href":"https:\/\/haushaltshelfer-24.de\/index.php?rest_route=%2Fwp%2Fv2%2Fcomments&post=643"}],"version-history":[{"count":38,"href":"https:\/\/haushaltshelfer-24.de\/index.php?rest_route=\/wp\/v2\/pages\/643\/revisions"}],"predecessor-version":[{"id":1243,"href":"https:\/\/haushaltshelfer-24.de\/index.php?rest_route=\/wp\/v2\/pages\/643\/revisions\/1243"}],"wp:attachment":[{"href":"https:\/\/haushaltshelfer-24.de\/index.php?rest_route=%2Fwp%2Fv2%2Fmedia&parent=643"}],"curies":[{"name":"wp","href":"https:\/\/api.w.org\/{rel}","templated":true}]}}